{"id":11,"date":"2018-09-10T12:47:51","date_gmt":"2018-09-10T12:47:51","guid":{"rendered":"http:\/\/law-firm.bold-themes.com\/master-import\/?page_id=11"},"modified":"2026-03-07T07:55:28","modified_gmt":"2026-03-07T07:55:28","slug":"about-us","status":"publish","type":"page","link":"https:\/\/abbeymedlimited.com\/de\/about-us\/","title":{"rendered":"\u00dcber uns"},"content":{"rendered":"<section id=\"bt_bb_section69fb55a74fad2\" class=\"bt_bb_section bt_bb_color_scheme_1 bt_bb_layout_boxed_1200 bt_bb_vertical_align_top bt_bb_bottom_section_coverage_image bt_bb_section_with_bottom_coverage_image bt_bb_top_spacing_large bt_bb_bottom_spacing_large\" style=\"; --section-primary-color:#ffffff; --section-secondary-color:#191919;\" data-bt-override-class=\"null\"><div class=\"bt_bb_background_image_holder_wrapper\"><div class=\"bt_bb_background_image_holder bt_bb_parallax\"  data-parallax=\"0.7\" data-parallax-offset=\"0\" data-parallax-zoom-start=\"1\" data-parallax-zoom-end=\"1\" data-parallax-blur-start=\"0\" data-parallax-blur-end=\"0\" data-parallax-opacity-start=\"1\" data-parallax-opacity-end=\"1\" style=\" background-image:url(&#039;https:\/\/abbeymedlimited.com\/wp-content\/uploads\/2020\/06\/hero-about-us.jpg&#039;);\"><\/div><\/div><div class=\"bt_bb_port\"><div class=\"bt_bb_cell\"><div class=\"bt_bb_cell_inner\"><div class=\"bt_bb_row_wrapper\"><div  class=\"bt_bb_row\"  data-bt-override-class=\"{}\"><div  class=\"bt_bb_column col-xxl-7 col-xl-7 bt_bb_vertical_align_middle bt_bb_align_left bt_bb_padding_normal bt_bb_animation_fade_in animate\"  data-width=\"7\" data-bt-override-class=\"{}\"><div class=\"bt_bb_column_content\"><div class=\"bt_bb_column_content_inner\"><div class=\"bt_bb_separator bt_bb_border_style_none bt_bb_border_color_none bt_bb_bottom_spacing_large\" data-bt-override-class=\"null\"><\/div><header class=\"bt_bb_headline bt_bb_dash_none bt_bb_size_large bt_bb_align_inherit\" data-bt-override-class=\"{}\"><h1 class=\"bt_bb_headline_tag\"><span class=\"bt_bb_headline_content\"><span>\u00dcber uns<\/span><\/span><\/h1><\/header><div class=\"bt_bb_separator bt_bb_border_style_none bt_bb_border_color_none bt_bb_bottom_spacing_large\" data-bt-override-class=\"null\"><\/div><\/div><\/div><\/div><div  class=\"bt_bb_column col-xxl-5 col-xl-5 bt_bb_vertical_align_top bt_bb_align_left bt_bb_padding_normal\"  data-width=\"5\" data-bt-override-class=\"{}\"><div class=\"bt_bb_column_content\"><div class=\"bt_bb_column_content_inner\"><\/div><\/div><\/div><\/div><\/div><\/div><!-- cell_inner --><\/div><!-- cell --><\/div><!-- port --><div class=\"bt_bb_section_bottom_section_coverage_image\"><img decoding=\"async\" src=\"https:\/\/abbeymedlimited.com\/wp-content\/uploads\/2020\/05\/bottom-cover.png\" alt=\"bt_bb_section_bottom_section_coverage_image\" \/><\/div><\/section><section id=\"bt_bb_section69fb55a74fc54\" class=\"bt_bb_section bt_bb_layout_wide bt_bb_vertical_align_top bt_bb_top_spacing_large\"  data-bt-override-class=\"null\"><div class=\"bt_bb_port\"><div class=\"bt_bb_cell\"><div class=\"bt_bb_cell_inner\"><div class=\"bt_bb_row_wrapper bt_bb_row_push_left bt_bb_content_wide bt_bb_row_width_boxed_1200\"><div  class=\"bt_bb_row bt_bb_animation_fade_in bt_bb_animation_move_right animate\"  data-bt-override-class=\"{}\"><div  class=\"bt_bb_column col-xxl-6 col-xl-6 bt_bb_vertical_align_top bt_bb_align_left btLazyLoadBackground bt_bb_column_background_image bt_bb_padding_normal bt_bb_details_right-inner bt_bb_details-color_white\" style=\"position: relative;background-image:url(&#039;https:\/\/abbeymedlimited.com\/wp-content\/plugins\/bold-page-builder\/img\/blank.gif&#039;);\" data-background_image_src='https:\/\/abbeymedlimited.com\/wp-content\/uploads\/2020\/05\/inner_experience_01.jpg' data-width=\"6\" data-bt-override-class=\"{}\"><div class=\"bt_bb_column_content\"><div class=\"bt_bb_column_content_inner\"><\/div><\/div><\/div><div  class=\"bt_bb_column col-xxl-6 col-xl-6 bt_bb_vertical_align_middle bt_bb_align_left bt_bb_padding_20 bt_bb_animation_fade_in animate bt_bb_details-color_white\"  data-width=\"6\" data-bt-override-class=\"{}\"><div class=\"bt_bb_column_content\"><div class=\"bt_bb_column_content_inner\"><div class=\"bt_bb_separator bt_bb_border_style_none bt_bb_border_color_none bt_bb_top_spacing_normal bt_bb_bottom_spacing_medium\" data-bt-override-class=\"null\"><\/div><header class=\"bt_bb_headline bt_bb_dash_none bt_bb_superheadline bt_bb_subheadline bt_bb_size_normal bt_bb_align_inherit\" data-bt-override-class=\"{}\"><h3 class=\"bt_bb_headline_tag\"><span class=\"bt_bb_headline_superheadline\">DIENSTLEISTUNGEN<\/span><span class=\"bt_bb_headline_content\"><span>Wer wir sind<\/span><\/span><\/h3><div class=\"bt_bb_headline_subheadline\">ABBEY MEDICAL SUPPLIES LIMITED ist ein f\u00fchrender Hersteller von Wirkstoffen (APIs), die bei der Produktion von Donepezilhydrochlorid und anderen Medikamenten zur Behandlung neurologischer Erkrankungen wie Alzheimer, Fazialisparese (Bell\u2019s Palsy), Parkinson, Epilepsie und Krampfanf\u00e4llen eingesetzt werden<\/div><\/header><div class=\"bt_bb_separator bt_bb_border_style_none bt_bb_bottom_spacing_normal\" data-bt-override-class=\"null\"><\/div><div class=\"bt_bb_row_wrapper\"><div  class=\"bt_bb_row_inner\"  data-bt-override-class=\"{}\"><div  class=\"bt_bb_column_inner col-xxl-6 col-xl-6 bt_bb_align_left bt_bb_vertical_align_top\"  data-width=\"6\" data-bt-override-class=\"{}\"><div class=\"bt_bb_column_inner_content\"><div class=\"bt_bb_separator bt_bb_border_style_none bt_bb_bottom_spacing_small\" data-bt-override-class=\"null\"><\/div><div class=\"bt_bb_separator bt_bb_border_style_none bt_bb_bottom_spacing_small\" data-bt-override-class=\"null\"><\/div><div class=\"bt_bb_separator bt_bb_border_style_none bt_bb_bottom_spacing_small\" data-bt-override-class=\"null\"><\/div><\/div><\/div><div  class=\"bt_bb_column_inner col-xxl-6 col-xl-6 bt_bb_align_left bt_bb_vertical_align_top\"  data-width=\"6\" data-bt-override-class=\"{}\"><div class=\"bt_bb_column_inner_content\"><div class=\"bt_bb_separator bt_bb_border_style_none bt_bb_bottom_spacing_small\" data-bt-override-class=\"null\"><\/div><div class=\"bt_bb_separator bt_bb_border_style_none bt_bb_bottom_spacing_small\" data-bt-override-class=\"null\"><\/div><div class=\"bt_bb_separator bt_bb_border_style_none bt_bb_bottom_spacing_small\" data-bt-override-class=\"null\"><\/div><\/div><\/div><\/div><\/div><div data-bb-version=\"4.6.1\"  class=\"bt_bb_text\" ><div>Das Unternehmen begann mit Dienstleistungen im Bereich klinischer Studien, Lieferungen und kommerzieller Verpackung. Derzeit bieten wir Verpackungs, Lagerungs und Vertriebsdienstleistungen f\u00fcr \u00fcber 30 f\u00fchrende Pharmaunternehmen an.<\/div>\n<div><\/div>\n<div><\/div>\n<div>Der Weg von der Laborentwicklung eines Wirkstoffs bis hin zur Marktzulassung ist lang und komplex \u2013 gepr\u00e4gt von zahlreichen wissenschaftlichen, sicherheitstechnischen und regulatorischen Herausforderungen. ABBEY MEDICAL SUPPLIES LIMITED unterst\u00fctzt seit Jahren die Arzneimittelforschung, Patentierung\/Zulassung und Produktion mit hochwertigen analytischen Pr\u00fcfungen und klinischen Forschungsdienstleistungen.<\/div>\n<div><\/div>\n<div><\/div>\n<div>ABBEY MEDICAL SUPPLIES LIMITED ist in Bereichen wie rekombinanter DNA-Technologie und chemischer Synthese\/Analyse, Fermentation, Chromatographie und Pflanzenextraktion t\u00e4tig. Wir sind darauf spezialisiert, unseren Kunden eine breite Palette an APIs bereitzustellen, unterst\u00fctzt durch integrierte technische Kompetenzen sowie vollst\u00e4ndige regulatorische DMF-Dokumentationen \u2013 geeignet f\u00fcr alle F&amp;E-Phasen bis hin zur kommerziellen Formulierung und Produktion.<\/div>\n<div><\/div>\n<div><\/div>\n<\/div><div class=\"bt_bb_separator bt_bb_border_style_none bt_bb_border_color_none bt_bb_top_spacing_extra_small bt_bb_bottom_spacing_small\" data-bt-override-class=\"null\"><\/div><div class=\"bt_bb_separator bt_bb_border_style_none bt_bb_border_color_none bt_bb_bottom_spacing_large\" data-bt-override-class=\"null\"><\/div><\/div><\/div><\/div><\/div><\/div><\/div><!-- cell_inner --><\/div><!-- cell --><\/div><!-- port --><\/section><section id=\"bt_bb_section69fb55a7500d6\" class=\"bt_bb_section bt_bb_layout_wide bt_bb_vertical_align_top\"  data-bt-override-class=\"null\"><div class=\"bt_bb_port\"><div class=\"bt_bb_cell\"><div class=\"bt_bb_cell_inner\"><div class=\"bt_bb_row_wrapper bt_bb_row_push_right bt_bb_content_wide bt_bb_row_width_boxed_1200\"><div  class=\"bt_bb_row bt_bb_animation_fade_in bt_bb_animation_move_left animate\"  data-bt-override-class=\"{}\"><div  class=\"bt_bb_column col-xxl-6 col-xl-6 bt_bb_vertical_align_middle bt_bb_align_left bt_bb_padding_20 bt_bb_animation_fade_in animate\"  data-width=\"6\" data-bt-override-class=\"{}\"><div class=\"bt_bb_column_content\"><div class=\"bt_bb_column_content_inner\"><div class=\"bt_bb_separator bt_bb_border_style_none bt_bb_border_color_none bt_bb_bottom_spacing_large\" data-bt-override-class=\"null\"><\/div><div class=\"bt_bb_separator bt_bb_border_style_none bt_bb_bottom_spacing_normal\" data-bt-override-class=\"null\"><\/div><header data-bb-version=\"4.6.1\" class=\"bt_bb_headline bt_bb_subheadline_text_transform_default bt_bb_dash_none bt_bb_subheadline bt_bb_size_small bt_bb_align_inherit btNoHeadline\" data-bt-override-class=\"{&quot;bt_bb_size_&quot;:{&quot;current_class&quot;:&quot;bt_bb_size_small&quot;,&quot;xxl&quot;:&quot;small&quot;},&quot;bt_bb_align_&quot;:{&quot;current_class&quot;:&quot;bt_bb_align_inherit&quot;,&quot;xxl&quot;:&quot;inherit&quot;}}\"><div class=\"bt_bb_headline_subheadline\">ABBEY MEDICAL SUPPLIES LIMITED nutzt ein strategisch gelegenes Netzwerk von Laboren und klinischen Pr\u00fcfzentren in Europa, dem Nahen Osten und dem asiatisch-pazifischen Raum, um harmonisierte L\u00f6sungen f\u00fcr gro\u00dfe Pharma- und Biotechnologieunternehmen bereitzustellen. Unsere Fachleute bieten effektive und effiziente Pr\u00fcfverfahren f\u00fcr die analytische Entwicklung, die Charakterisierung von Biologika, die Biosicherheit und Qualit\u00e4tskontrolle sowie Dienstleistungen im Bereich der klinischen Forschung. Wir f\u00fchren eine Vielzahl ma\u00dfgeschneiderter, kundenspezifischer Tests durch, die die gesamte klinische Entwicklung abdecken \u2013 von Phase-I-Studien (First-in-Human) in unseren klinisch-pharmakologischen Einrichtungen bis hin zu Phase-II- und Phase-III-Studien an Patientinnen und Patienten.<br \/>\r\n<br \/>\r\nUnsere Produkte stammen aus unseren Produktionsst\u00e4tten f\u00fcr APIs im Nahen Osten und in Asien und sind von verschiedenen Zulassungsbeh\u00f6rden wie der US-FDA, EDQM, Swissmedic, PDMA, ANSM, TGA, UK-MHRA, Health Canada und anderen anerkannt.<br \/>\r\n<br \/>\r\nWir glauben, dass die Welt ges\u00fcnder w\u00e4re, wenn die Medikamente von morgen schon heute verf\u00fcgbar w\u00e4ren. ABBEY MEDICAL SUPPLIES LIMITED revolutioniert die Herstellung von APIs durch eine vereinfachte, ganzheitliche Lieferkettenl\u00f6sung f\u00fcr pharmazeutische und biopharmazeutische Unternehmen jeder Gr\u00f6\u00dfe.<\/div><\/header><div data-bb-version=\"4.6.1\"  class=\"bt_bb_text\" ><p>&nbsp;<\/p>\n<p>&nbsp;<\/p>\n<p class=\" translation-block\"><strong>Wir n\u00e4hern uns dem Abschluss der erforderlichen beh\u00f6rdlichen Genehmigungen und Zulassungen, einschlie\u00dflich der Registrierung der Einrichtung bei der Europ\u00e4ischen Arzneimittel-Agentur, der Genehmigung durch das Bundesinstitut f\u00fcr Arzneimittel und Medizinprodukte (BfArM), der Konformit\u00e4tszertifizierung gem\u00e4\u00df der Guten Herstellungspraxis (GMP), der Gro\u00dfhandelserlaubnis sowie der gewerblichen Registrierung bei den deutschen Handelsbeh\u00f6rden. Nach Erhalt dieser Genehmigungen wird Abbey Medical Supplies Limited seinen Hauptsitz im vierten Quartal 2026 nach Deutschland verlegen.<\/strong><\/p>\n<\/div><div class=\"bt_bb_row_wrapper\"><div  class=\"bt_bb_row_inner\"  data-bt-override-class=\"{}\"><div  class=\"bt_bb_column_inner col-xxl-6 col-xl-6 bt_bb_align_left bt_bb_vertical_align_top\"  data-width=\"6\" data-bt-override-class=\"{}\"><div class=\"bt_bb_column_inner_content\"><div class=\"bt_bb_separator bt_bb_border_style_none bt_bb_bottom_spacing_small\" data-bt-override-class=\"null\"><\/div><div class=\"bt_bb_separator bt_bb_border_style_none bt_bb_bottom_spacing_small\" data-bt-override-class=\"null\"><\/div><div class=\"bt_bb_separator bt_bb_border_style_none bt_bb_bottom_spacing_small\" data-bt-override-class=\"null\"><\/div><\/div><\/div><div  class=\"bt_bb_column_inner col-xxl-6 col-xl-6 bt_bb_align_left bt_bb_vertical_align_top\"  data-width=\"6\" data-bt-override-class=\"{}\"><div class=\"bt_bb_column_inner_content\"><div class=\"bt_bb_separator bt_bb_border_style_none bt_bb_bottom_spacing_small\" data-bt-override-class=\"null\"><\/div><div class=\"bt_bb_separator bt_bb_border_style_none bt_bb_bottom_spacing_small\" data-bt-override-class=\"null\"><\/div><div class=\"bt_bb_separator bt_bb_border_style_none bt_bb_bottom_spacing_small\" data-bt-override-class=\"null\"><\/div><\/div><\/div><\/div><\/div><div class=\"bt_bb_separator bt_bb_border_style_none bt_bb_border_color_none bt_bb_top_spacing_extra_small bt_bb_bottom_spacing_small\" data-bt-override-class=\"null\"><\/div><div class=\"bt_bb_separator bt_bb_border_style_none bt_bb_border_color_none bt_bb_bottom_spacing_large\" data-bt-override-class=\"null\"><\/div><\/div><\/div><\/div><div  class=\"bt_bb_column col-xxl-6 col-xl-6 bt_bb_vertical_align_top bt_bb_align_left bt_bb_column_background_image bt_bb_padding_normal bt_bb_details_left-inner bt_bb_details-color_white\" style=\"background-image:url(&#039;https:\/\/abbeymedlimited.com\/wp-content\/uploads\/2020\/05\/inner_about_me_03.jpg&#039;);\" data-width=\"6\" data-bt-override-class=\"{}\"><div class=\"bt_bb_column_content\"><div class=\"bt_bb_column_content_inner\"><\/div><\/div><\/div><\/div><\/div><\/div><!-- cell_inner --><\/div><!-- cell --><\/div><!-- port --><\/section><section id=\"bt_bb_section69fb55a750456\" class=\"bt_bb_section bt_bb_layout_wide bt_bb_vertical_align_top\"  data-bt-override-class=\"null\"><div class=\"bt_bb_port\"><div class=\"bt_bb_cell\"><div class=\"bt_bb_cell_inner\"><div class=\"bt_bb_row_wrapper bt_bb_row_push_right bt_bb_content_wide bt_bb_row_width_boxed_1200\"><div  class=\"bt_bb_row bt_bb_animation_fade_in bt_bb_animation_move_left animate\"  data-bt-override-class=\"{}\"><div  class=\"bt_bb_column col-xxl-6 col-xl-6 bt_bb_vertical_align_middle bt_bb_align_left bt_bb_padding_20 bt_bb_animation_fade_in animate\"  data-width=\"6\" data-bt-override-class=\"{}\"><div class=\"bt_bb_column_content\"><div class=\"bt_bb_column_content_inner\"><div class=\"bt_bb_separator bt_bb_border_style_none bt_bb_border_color_none bt_bb_bottom_spacing_large\" data-bt-override-class=\"null\"><\/div><header class=\"bt_bb_headline bt_bb_dash_none bt_bb_size_normal bt_bb_align_inherit btNoHeadline\" data-bt-override-class=\"{}\"><\/header><div class=\"bt_bb_separator bt_bb_border_style_none bt_bb_border_color_none bt_bb_top_spacing_small bt_bb_bottom_spacing_normal\" data-bt-override-class=\"null\"><\/div><div class=\"bt_bb_testimonial bt_bb_text_size_medium bt_bb_font_weight_medium bt_bb_text_style_italic\"><div class=\"bt_bb_testimonial_text\"><span style=\"font-family:'IBM Plex Serif';\">Unsere globale F\u00fchrungsposition basiert auf einem anerkannten Ruf f\u00fcr wissenschaftliche und technische Exzellenz. Dazu geh\u00f6ren spezialisierte Kompetenzen im Umgang mit hochwirksamen und kontrollierten Substanzen, aseptisches Abf\u00fcllen und Lyophilisation, komplexe Formulierungen, L\u00f6slichkeitsverbesserung sowie schwer herzustellende Wirkstoffe (APIs)\n\nEin weiterer wesentlicher Bestandteil ist das \u201eOneSource\u2122\u201c-Programm von ABBEY MEDICAL SUPPLIES LIMITED, das die Entwicklung von Wirkstoff (Drug Substance) und Arzneiform (Drug Product) in einem koordinierten Prozess aufeinander abstimmt \u2013 mit dem Ziel, den Nachweis des Wirkkonzepts (Proof of Concept) deutlich schneller zu erreichen und dadurch Monate in der Entwicklungszeit einzusparen\n\nAls weltweit f\u00fchrender Hersteller von APIs stellt ABBEY MEDICAL SUPPLIES LIMITED mit seinen einzigartigen Verfahren, spezialisierten medizinischen Forschungsans\u00e4tzen sowie seinem hochqualifizierten und erfahrenen Fachpersonal sicher, dass wir kontinuierlich unvergleichliche Qualit\u00e4t, modernste medizinische L\u00f6sungen, h\u00f6chste Zuverl\u00e4ssigkeit und volle regulatorische Konformit\u00e4t liefern.<\/span><\/div><div class=\"bt_bb_testimonial_text_box\"><header class=\"bt_bb_headline bt_bb_size_small btNoHeadline\" data-bt-override-class=\"{}\"><\/header><\/div><\/div><div class=\"bt_bb_separator bt_bb_border_style_none bt_bb_border_color_none bt_bb_bottom_spacing_large\" data-bt-override-class=\"null\"><\/div><\/div><\/div><\/div><div  class=\"bt_bb_column col-xxl-6 col-xl-6 bt_bb_vertical_align_top bt_bb_align_left bt_bb_column_background_image bt_bb_padding_normal bt_bb_details_left-inner bt_bb_details-color_white\" style=\"background-image:url(&#039;https:\/\/abbeymedlimited.com\/wp-content\/uploads\/2020\/05\/inner_testimonials_01.jpg&#039;);\" data-width=\"6\" data-bt-override-class=\"{}\"><div class=\"bt_bb_column_content\"><div class=\"bt_bb_column_content_inner\"><\/div><\/div><\/div><\/div><\/div><\/div><!-- cell_inner --><\/div><!-- cell --><\/div><!-- port --><\/section>","protected":false},"excerpt":{"rendered":"","protected":false},"author":2,"featured_media":0,"parent":0,"menu_order":0,"comment_status":"closed","ping_status":"closed","template":"","meta":{"footnotes":""},"class_list":["post-11","page","type-page","status-publish","hentry"],"_links":{"self":[{"href":"https:\/\/abbeymedlimited.com\/de\/wp-json\/wp\/v2\/pages\/11","targetHints":{"allow":["GET"]}}],"collection":[{"href":"https:\/\/abbeymedlimited.com\/de\/wp-json\/wp\/v2\/pages"}],"about":[{"href":"https:\/\/abbeymedlimited.com\/de\/wp-json\/wp\/v2\/types\/page"}],"author":[{"embeddable":true,"href":"https:\/\/abbeymedlimited.com\/de\/wp-json\/wp\/v2\/users\/2"}],"replies":[{"embeddable":true,"href":"https:\/\/abbeymedlimited.com\/de\/wp-json\/wp\/v2\/comments?post=11"}],"version-history":[{"count":14,"href":"https:\/\/abbeymedlimited.com\/de\/wp-json\/wp\/v2\/pages\/11\/revisions"}],"predecessor-version":[{"id":3670,"href":"https:\/\/abbeymedlimited.com\/de\/wp-json\/wp\/v2\/pages\/11\/revisions\/3670"}],"wp:attachment":[{"href":"https:\/\/abbeymedlimited.com\/de\/wp-json\/wp\/v2\/media?parent=11"}],"curies":[{"name":"wp","href":"https:\/\/api.w.org\/{rel}","templated":true}]}}