{"id":1830,"date":"2020-04-01T11:35:52","date_gmt":"2020-04-01T11:35:52","guid":{"rendered":"http:\/\/novalab.bold-themes.com\/main-demo\/?page_id=1830"},"modified":"2026-04-07T08:53:22","modified_gmt":"2026-04-07T08:53:22","slug":"management","status":"publish","type":"page","link":"https:\/\/abbeymedlimited.com\/de\/about-us\/management\/","title":{"rendered":"Gesch\u00e4ftsf\u00fchrung"},"content":{"rendered":"<section id=\"bt_bb_section69fb471aa0a32\" class=\"bt_bb_section bt_bb_color_scheme_1 bt_bb_layout_boxed_1200 bt_bb_vertical_align_top bt_bb_bottom_section_coverage_image bt_bb_section_with_bottom_coverage_image bt_bb_top_spacing_large bt_bb_bottom_spacing_large\" style=\"; --section-primary-color:#ffffff; --section-secondary-color:#191919;\" data-bt-override-class=\"null\"><div class=\"bt_bb_background_image_holder_wrapper\"><div class=\"bt_bb_background_image_holder bt_bb_parallax\"  data-parallax=\"0.7\" data-parallax-offset=\"0\" data-parallax-zoom-start=\"1\" data-parallax-zoom-end=\"1\" data-parallax-blur-start=\"0\" data-parallax-blur-end=\"0\" data-parallax-opacity-start=\"1\" data-parallax-opacity-end=\"1\" style=\" background-image:url(&#039;https:\/\/abbeymedlimited.com\/wp-content\/uploads\/2020\/04\/hero-about-me.jpg&#039;);\"><\/div><\/div><div class=\"bt_bb_port\"><div class=\"bt_bb_cell\"><div class=\"bt_bb_cell_inner\"><div class=\"bt_bb_row_wrapper\"><div  class=\"bt_bb_row\"  data-bt-override-class=\"{}\"><div  class=\"bt_bb_column col-xxl-7 col-xl-7 bt_bb_vertical_align_middle bt_bb_align_left bt_bb_padding_normal bt_bb_animation_fade_in animate\"  data-width=\"7\" data-bt-override-class=\"{}\"><div class=\"bt_bb_column_content\"><div class=\"bt_bb_column_content_inner\"><div class=\"bt_bb_separator bt_bb_border_style_none bt_bb_border_color_none bt_bb_bottom_spacing_large\" data-bt-override-class=\"null\"><\/div><header data-bb-version=\"4.6.1\" class=\"bt_bb_headline bt_bb_subheadline_text_transform_default bt_bb_dash_none bt_bb_size_large bt_bb_align_inherit\" data-bt-override-class=\"{&quot;bt_bb_size_&quot;:{&quot;current_class&quot;:&quot;bt_bb_size_large&quot;,&quot;xxl&quot;:&quot;large&quot;},&quot;bt_bb_align_&quot;:{&quot;current_class&quot;:&quot;bt_bb_align_inherit&quot;,&quot;xxl&quot;:&quot;inherit&quot;}}\"><h1 class=\"bt_bb_headline_tag\"><span class=\"bt_bb_headline_content\"><span>Gesch\u00e4ftsf\u00fchrung<\/span><\/span><\/h1><\/header><div class=\"bt_bb_separator bt_bb_border_style_none bt_bb_border_color_none bt_bb_bottom_spacing_large\" data-bt-override-class=\"null\"><\/div><\/div><\/div><\/div><div  class=\"bt_bb_column col-xxl-5 col-xl-5 bt_bb_vertical_align_top bt_bb_align_left bt_bb_padding_normal\"  data-width=\"5\" data-bt-override-class=\"{}\"><div class=\"bt_bb_column_content\"><div class=\"bt_bb_column_content_inner\"><\/div><\/div><\/div><\/div><\/div><\/div><!-- cell_inner --><\/div><!-- cell --><\/div><!-- port --><div class=\"bt_bb_section_bottom_section_coverage_image\"><img decoding=\"async\" src=\"https:\/\/abbeymedlimited.com\/wp-content\/uploads\/2020\/05\/bottom-cover.png\" alt=\"bt_bb_section_bottom_section_coverage_image\" \/><\/div><\/section><section id=\"bt_bb_section69fb471aa0c94\" class=\"bt_bb_section bt_bb_layout_wide bt_bb_vertical_align_top bt_bb_top_spacing_large\"  data-bt-override-class=\"null\"><div class=\"bt_bb_port\"><div class=\"bt_bb_cell\"><div class=\"bt_bb_cell_inner\"><div class=\"bt_bb_row_wrapper bt_bb_row_push_left bt_bb_content_wide bt_bb_row_width_boxed_1200\"><div  class=\"bt_bb_row bt_bb_animation_fade_in bt_bb_animation_move_right animate\"  data-bt-override-class=\"{}\"><div data-bb-version=\"4.6.1\"  class=\"bt_bb_column col-xxl-6 col-xl-6 bt_bb_vertical_align_top bt_bb_align_left btLazyLoadBackground bt_bb_column_background_image bt_bb_padding_normal bt_bb_details_right-inner bt_bb_details-color_white\" style=\"position: relative;background-image:url(&#039;https:\/\/abbeymedlimited.com\/wp-content\/plugins\/bold-page-builder\/img\/blank.gif&#039;);\" data-background_image_src='https:\/\/abbeymedlimited.com\/wp-content\/uploads\/2024\/07\/newceo-1.png' data-width=\"6\" data-bt-override-class=\"{&quot;bt_bb_align_&quot;:{&quot;current_class&quot;:&quot;bt_bb_align_left&quot;,&quot;xxl&quot;:&quot;left&quot;},&quot;bt_bb_padding_&quot;:{&quot;current_class&quot;:&quot;bt_bb_padding_normal&quot;,&quot;xxl&quot;:&quot;normal&quot;}}\"><div class=\"bt_bb_column_content\"><div class=\"bt_bb_column_content_inner\"><\/div><\/div><\/div><div  class=\"bt_bb_column col-xxl-6 col-xl-6 bt_bb_vertical_align_middle bt_bb_align_left bt_bb_padding_20 bt_bb_animation_fade_in animate\"  data-width=\"6\" data-bt-override-class=\"{}\"><div class=\"bt_bb_column_content\"><div class=\"bt_bb_column_content_inner\"><div class=\"bt_bb_separator bt_bb_border_style_none bt_bb_border_color_none bt_bb_bottom_spacing_large\" data-bt-override-class=\"null\"><\/div><header class=\"bt_bb_headline bt_bb_dash_none bt_bb_superheadline bt_bb_subheadline bt_bb_size_medium bt_bb_align_inherit\" data-bt-override-class=\"{&quot;bt_bb_size_&quot;:{&quot;current_class&quot;:&quot;bt_bb_size_medium&quot;,&quot;xxl&quot;:&quot;medium&quot;}}\"><h2 class=\"bt_bb_headline_tag\"><span class=\"bt_bb_headline_superheadline\">Vorsitzender \/ CEO<\/span><span class=\"bt_bb_headline_content\"><span>Peter MCGUINNESS<\/span><\/span><\/h2><div class=\"bt_bb_headline_subheadline\">peter.mcguinness@abbeymedlimited.com<\/div><\/header><div class=\"bt_bb_separator bt_bb_border_style_none bt_bb_bottom_spacing_small\" data-bt-override-class=\"null\"><\/div><div  class=\"bt_bb_text\" ><div>\n<div>Peter ist CEO von ABBEY MEDICAL SUPPLIES LIMITED und verf\u00fcgt \u00fcber mehr als f\u00fcnfzehn Jahre Erfahrung als f\u00fchrender wissenschaftlicher Berater in der pharmazeutischen Industrie. Mit einer ausgepr\u00e4gten Leidenschaft f\u00fcr medizinische Forschung und das Erschlie\u00dfen neuer medizinischer Grenzen gilt er als Forschungsexperte und Finanzier im Gesundheitswesen. Im Laufe seiner Karriere hatte Peter verschiedene Positionen in nationalen und internationalen wissenschaftlichen Beir\u00e4ten inne.<\/div>\n<\/div>\n<div>\n<div><\/div>\n<div>\n<div><\/div>\n<div>Im Jahr 2010 gr\u00fcndete er ABBEY MEDICAL SUPPLIES LIMITED, um sich vollst\u00e4ndig seiner privaten Unternehmung zu widmen \u2013 mit dem klaren Fokus auf die Herstellung von Wirkstoffen (APIs) zur Behandlung neurologischer und kognitiver Erkrankungen wie Alzheimer, Bell\u2019s Palsy, Parkinson usw., die insbesondere \u00e4ltere Menschen betreffen.<\/div>\n<\/div>\n<\/div>\n<\/div><div class=\"bt_bb_separator bt_bb_border_style_none bt_bb_bottom_spacing_normal\" data-bt-override-class=\"null\"><\/div><div class=\"bt_bb_separator bt_bb_border_style_none bt_bb_border_color_none bt_bb_top_spacing_extra_small bt_bb_bottom_spacing_small\" data-bt-override-class=\"null\"><\/div><div class=\"bt_bb_separator bt_bb_border_style_none bt_bb_bottom_spacing_normal\" data-bt-override-class=\"null\"><\/div><div class=\"bt_bb_separator bt_bb_border_style_none bt_bb_bottom_spacing_normal\" data-bt-override-class=\"null\"><\/div><div class=\"bt_bb_row_wrapper\"><div  class=\"bt_bb_row_inner\"  data-bt-override-class=\"{}\"><div  class=\"bt_bb_column_inner col-xxl-4 col-xl-4 bt_bb_align_center bt_bb_vertical_align_top bt_bb_padding_normal\"  data-width=\"4\" data-bt-override-class=\"{}\"><div class=\"bt_bb_column_inner_content\"><div class=\"bt_bb_separator bt_bb_border_style_none bt_bb_border_color_none bt_bb_bottom_spacing_small\" data-bt-override-class=\"null\"><\/div><div class=\"bt_bb_separator bt_bb_border_style_none bt_bb_bottom_spacing_normal\" data-bt-override-class=\"null\"><\/div><\/div><\/div><div  class=\"bt_bb_column_inner col-xxl-4 col-xl-4 bt_bb_align_center bt_bb_vertical_align_top bt_bb_padding_normal\"  data-width=\"4\" data-bt-override-class=\"{}\"><div class=\"bt_bb_column_inner_content\"><div class=\"bt_bb_separator bt_bb_border_style_none bt_bb_border_color_none bt_bb_bottom_spacing_small\" data-bt-override-class=\"null\"><\/div><div class=\"bt_bb_separator bt_bb_border_style_none bt_bb_bottom_spacing_normal\" data-bt-override-class=\"null\"><\/div><\/div><\/div><div  class=\"bt_bb_column_inner col-xxl-4 col-xl-4 bt_bb_align_center bt_bb_vertical_align_top bt_bb_padding_normal\"  data-width=\"4\" data-bt-override-class=\"{}\"><div class=\"bt_bb_column_inner_content\"><div class=\"bt_bb_separator bt_bb_border_style_none bt_bb_border_color_none bt_bb_bottom_spacing_small\" data-bt-override-class=\"null\"><\/div><div class=\"bt_bb_separator bt_bb_border_style_none bt_bb_bottom_spacing_normal\" data-bt-override-class=\"null\"><\/div><\/div><\/div><\/div><\/div><div class=\"bt_bb_separator bt_bb_border_style_none bt_bb_border_color_none bt_bb_bottom_spacing_large\" data-bt-override-class=\"null\"><\/div><\/div><\/div><\/div><\/div><\/div><\/div><!-- cell_inner --><\/div><!-- cell --><\/div><!-- port --><\/section><section id=\"bt_bb_section69fb471aa14d8\" class=\"bt_bb_section bt_bb_layout_wide bt_bb_vertical_align_top\"  data-bt-override-class=\"null\"><div class=\"bt_bb_port\"><div class=\"bt_bb_cell\"><div class=\"bt_bb_cell_inner\"><div class=\"bt_bb_row_wrapper bt_bb_row_push_right bt_bb_content_wide bt_bb_row_width_boxed_1200\"><div  class=\"bt_bb_row bt_bb_animation_fade_in bt_bb_animation_move_left animate\"  data-bt-override-class=\"{}\"><div  class=\"bt_bb_column col-xxl-6 col-xl-6 bt_bb_vertical_align_middle bt_bb_align_left bt_bb_padding_20 bt_bb_animation_fade_in animate\" style=\"position: relative;\" data-width=\"6\" data-bt-override-class=\"{}\"><div class=\"bt_bb_column_content\"><div class=\"bt_bb_column_content_inner\"><div class=\"bt_bb_separator bt_bb_border_style_none bt_bb_border_color_none bt_bb_bottom_spacing_large\" data-bt-override-class=\"null\"><\/div><header class=\"bt_bb_headline bt_bb_dash_none bt_bb_superheadline bt_bb_subheadline bt_bb_size_medium bt_bb_align_inherit\" data-bt-override-class=\"{&quot;bt_bb_size_&quot;:{&quot;current_class&quot;:&quot;bt_bb_size_medium&quot;,&quot;xxl&quot;:&quot;medium&quot;}}\"><h4 class=\"bt_bb_headline_tag\"><span class=\"bt_bb_headline_superheadline\">Chief Operations Officer (COO)<\/span><span class=\"bt_bb_headline_content\"><span>ARTHUR RUSSEL<\/span><\/span><\/h4><div class=\"bt_bb_headline_subheadline\">arthur.russel@abbeymedlimited.com<\/div><\/header><div class=\"bt_bb_separator bt_bb_border_style_none bt_bb_bottom_spacing_normal\" data-bt-override-class=\"null\"><\/div><div  class=\"bt_bb_text\" ><p>Arthur ist verantwortlich f\u00fcr die kommerziellen Aktivit\u00e4ten von ABBEY MEDICAL SUPPLIES LIMITED im Vereinigten K\u00f6nigreich und im gesamten Euro-Raum. Er leitet die Umsetzung und Entwicklung von Strategien zur Optimierung des Unternehmens- und Anlagenwachstums sowie die t\u00e4gliche Betriebsf\u00fchrung in unseren Produktionsst\u00e4tten. Er unterst\u00fctzt die Produktionsteams bei der Entwicklung von Effizienzstrategien, um sicherzustellen, dass die Produktionsziele mit minimalen Herstellungskosten erreicht werden.<\/p>\n<p>Arthur bringt \u00fcber 15 Jahre Erfahrung in der pharmazeutischen Produktion und Technologieoptimierung mit. Er ist zertifizierter Betriebsspezialist und leitet Schl\u00fcsselprojekte im Bereich Investitionen und Produktionstechnologie. Zudem ist er Vorstandsmitglied der ABBEY MEDICAL SUPPLIES LIMITED (Europe) Ltd. als Direktor f\u00fcr Betrieb.<\/p>\n<\/div><div class=\"bt_bb_separator bt_bb_border_style_none bt_bb_border_color_none bt_bb_bottom_spacing_small\" data-bt-override-class=\"null\"><\/div><div class=\"bt_bb_image bt_bb_shape_square bt_bb_align_inherit bt_bb_hover_style_simple bt_bb_content_display_always bt_bb_content_align_middle bt_bb_hidden_ms bt_bb_hidden_sm bt_bb_hidden_md bt_bb_hidden_lg\" data-bt-override-class=\"{}\"><span><img src = \"https:\/\/abbeymedlimited.com\/wp-content\/plugins\/bold-page-builder\/img\/blank.gif\" data-full_image_src=\"https:\/\/abbeymedlimited.com\/wp-content\/uploads\/2020\/04\/signature.png\" data-image_src=\"https:\/\/abbeymedlimited.com\/wp-content\/uploads\/2020\/04\/signature.png\" title=\"Signature\" alt=\"https:\/\/abbeymedlimited.com\/wp-content\/uploads\/2020\/04\/signature.png\" class=\"btLazyLoadImage\"><\/span><\/div><div class=\"bt_bb_separator bt_bb_border_style_none bt_bb_border_color_none bt_bb_bottom_spacing_large\" data-bt-override-class=\"null\"><\/div><\/div><\/div><\/div><div  class=\"bt_bb_column col-xxl-6 col-xl-6 bt_bb_vertical_align_top bt_bb_align_left bt_bb_column_background_image bt_bb_padding_normal bt_bb_details_left-inner bt_bb_details-color_white\" style=\"background-image:url(&#039;https:\/\/abbeymedlimited.com\/wp-content\/uploads\/2024\/07\/arthur-1.png&#039;);\" data-width=\"6\" data-bt-override-class=\"{}\"><div class=\"bt_bb_column_content\"><div class=\"bt_bb_column_content_inner\"><\/div><\/div><\/div><\/div><\/div><\/div><!-- cell_inner --><\/div><!-- cell --><\/div><!-- port --><\/section><section id=\"bt_bb_section69fb471aa1b40\" class=\"bt_bb_section bt_bb_layout_wide bt_bb_vertical_align_top\"  data-bt-override-class=\"null\"><div class=\"bt_bb_port\"><div class=\"bt_bb_cell\"><div class=\"bt_bb_cell_inner\"><div class=\"bt_bb_row_wrapper bt_bb_row_push_left bt_bb_content_wide bt_bb_row_width_boxed_1200\"><div  class=\"bt_bb_row bt_bb_animation_fade_in bt_bb_animation_move_right animate\"  data-bt-override-class=\"{}\"><div  class=\"bt_bb_column col-xxl-6 col-xl-6 bt_bb_vertical_align_top bt_bb_align_left btLazyLoadBackground bt_bb_column_background_image bt_bb_padding_normal bt_bb_details_right-inner bt_bb_details-color_white\" style=\"position: relative;background-image:url(&#039;https:\/\/abbeymedlimited.com\/wp-content\/plugins\/bold-page-builder\/img\/blank.gif&#039;);\" data-background_image_src='https:\/\/abbeymedlimited.com\/wp-content\/uploads\/2024\/07\/kath.png' data-width=\"6\" data-bt-override-class=\"{}\"><div class=\"bt_bb_column_content\"><div class=\"bt_bb_column_content_inner\"><\/div><\/div><\/div><div  class=\"bt_bb_column col-xxl-6 col-xl-6 bt_bb_vertical_align_top bt_bb_align_left bt_bb_padding_20 bt_bb_animation_fade_in animate\"  data-width=\"6\" data-bt-override-class=\"{}\"><div class=\"bt_bb_column_content\"><div class=\"bt_bb_column_content_inner\"><div class=\"bt_bb_separator bt_bb_border_style_none bt_bb_border_color_none bt_bb_bottom_spacing_large\" data-bt-override-class=\"null\"><\/div><header class=\"bt_bb_headline bt_bb_dash_none bt_bb_superheadline bt_bb_subheadline bt_bb_size_medium bt_bb_align_inherit\" data-bt-override-class=\"{&quot;bt_bb_size_&quot;:{&quot;current_class&quot;:&quot;bt_bb_size_medium&quot;,&quot;xxl&quot;:&quot;medium&quot;}}\"><h3 class=\"bt_bb_headline_tag\"><span class=\"bt_bb_headline_superheadline\">Direktorin \u2013 Innovation &amp; Wertsch\u00f6pfung<\/span><span class=\"bt_bb_headline_content\"><span>KATHRYN BECKFORD<\/span><\/span><\/h3><div class=\"bt_bb_headline_subheadline\">kathryn.beckford@abbeymedlimited.com<\/div><\/header><div class=\"bt_bb_separator bt_bb_border_style_none bt_bb_bottom_spacing_small\" data-bt-override-class=\"null\"><\/div><div  class=\"bt_bb_text\" ><div>\n<div>\n<div>Kathryn verf\u00fcgt \u00fcber 14 Jahre Erfahrung in leitenden Positionen in der pharmazeutischen Industrie \u2013 sowohl im Vereinigten K\u00f6nigreich als auch international. Zu ihren fr\u00fcheren Rollen geh\u00f6ren Chief Economist bei der European Federation of Pharmaceutical Industries and Associations (EFPIA) und Senior Director sowie Leiterin f\u00fcr internationale Angelegenheiten bei Pfizer.<\/div>\n<\/div>\n<\/div>\n<div><\/div>\n<div><\/div>\n<div>\n<div>\n<div>Vor ihrem Eintritt in die pharmazeutische Industrie arbeitete Kathryn als Regierungs\u00f6konomin, u. a. als Senior Economist im britischen Ministerium f\u00fcr Handel und Industrie (DTI). Sie hatte verschiedene Funktionen beim DTI, im Cabinet Office und bei der Europ\u00e4ischen Kommission inne. Sie ist die zentrale Ansprechpartnerin f\u00fcr Kunden und f\u00fcr alle Investitionsprojekte des Unternehmens.<\/div>\n<\/div>\n<\/div>\n<\/div><div class=\"bt_bb_separator bt_bb_border_style_none bt_bb_bottom_spacing_normal\" data-bt-override-class=\"null\"><\/div><div class=\"bt_bb_separator bt_bb_border_style_none bt_bb_border_color_none bt_bb_bottom_spacing_large\" data-bt-override-class=\"null\"><\/div><\/div><\/div><\/div><\/div><\/div><\/div><!-- cell_inner --><\/div><!-- cell --><\/div><!-- port --><\/section><section id=\"bt_bb_section69fb471aa200c\" class=\"bt_bb_section bt_bb_layout_wide bt_bb_vertical_align_top\"  data-bt-override-class=\"null\"><div class=\"bt_bb_port\"><div class=\"bt_bb_cell\"><div class=\"bt_bb_cell_inner\"><div class=\"bt_bb_row_wrapper bt_bb_row_push_right bt_bb_content_wide bt_bb_row_width_boxed_1200\"><div  class=\"bt_bb_row bt_bb_animation_fade_in bt_bb_animation_move_left animate\"  data-bt-override-class=\"{}\"><div  class=\"bt_bb_column col-xxl-6 col-xl-6 bt_bb_vertical_align_middle bt_bb_align_left bt_bb_padding_20 bt_bb_animation_fade_in animate\" style=\"position: relative;\" data-width=\"6\" data-bt-override-class=\"{}\"><div class=\"bt_bb_column_content\"><div class=\"bt_bb_column_content_inner\"><div class=\"bt_bb_separator bt_bb_border_style_none bt_bb_border_color_none bt_bb_bottom_spacing_large\" data-bt-override-class=\"null\"><\/div><header class=\"bt_bb_headline bt_bb_dash_none bt_bb_superheadline bt_bb_subheadline bt_bb_size_medium bt_bb_align_inherit\" data-bt-override-class=\"{&quot;bt_bb_size_&quot;:{&quot;current_class&quot;:&quot;bt_bb_size_medium&quot;,&quot;xxl&quot;:&quot;medium&quot;}}\"><h4 class=\"bt_bb_headline_tag\"><span class=\"bt_bb_headline_superheadline\">Direktor \u2013 Finanzen &amp; Verwaltung<\/span><span class=\"bt_bb_headline_content\"><span>MICHAEL PETERSON<\/span><\/span><\/h4><div class=\"bt_bb_headline_subheadline\">michael.peterson@abbeymedlimited.com<\/div><\/header><div class=\"bt_bb_separator bt_bb_border_style_none bt_bb_bottom_spacing_normal\" data-bt-override-class=\"null\"><\/div><div  class=\"bt_bb_text\" ><div>Michael begann seine Karriere bei Coopers &amp; Lybrand. Er bietet strategische F\u00fchrung sowie die organisatorische Leitung und unterst\u00fctzt das Finanz- und Operationsteam. Zudem ist er f\u00fcr die \u00dcberwachung und Steuerung verschiedener Projekte verantwortlich, einschlie\u00dflich der Betriebsplanung, Vertragsmanagement, Beschaffung, Projektverwaltung, Logistik und der Einhaltung regulatorischer Vorschriften. Er \u00fcberwacht die Leistung aller Mitarbeitenden im Finanz- und Verwaltungsbereich.<\/div>\n<div><\/div>\n<div>Michael bringt \u00fcber 25 Jahre Erfahrung im Finanzwesen mit \u2013 davon \u00fcber 17 Jahre in der pharmazeutischen Industrie bei Alexion Pharmaceuticals, Bristol-Myers Squibb und Schering-Plough. Vor seinem Eintritt bei ABBEY MEDICAL SUPPLIES LIMITED war er Executive Director Finance f\u00fcr Nord- und Lateinamerika bei Alexion, wo er f\u00fcr Finanzstrategie und Investitionsplanung verantwortlich war, inklusive der Markteinf\u00fchrung zweier Orphan Drugs in den USA.<\/div>\n<div><\/div>\n<div>Seine Finanzexpertise umfasst strategische Planung und Analyse auf Unternehmens-, kommerzieller und F&amp;E-Ebene, finanzielle Umstrukturierungen, M&amp;A sowie internationale Transaktionen. Er besitzt fundierte Kenntnisse in Finanzbuchhaltung und interner Kontrolle.<\/div>\n<div>Michael possesses strong foundation in financial accounting and internal controls.<\/div>\n<div><\/div>\n<div>Michael ist Absolvent der Stanford University, Graduate School of Business, mit einem Bachelor of Science in Rechnungswesen sowie weiteren internationalen Qualifikationen. Er ist zudem zertifizierter Wirtschaftspr\u00fcfer und Buchhalter.<\/div>\n<\/div><div class=\"bt_bb_separator bt_bb_border_style_none bt_bb_border_color_none bt_bb_bottom_spacing_small\" data-bt-override-class=\"null\"><\/div><div class=\"bt_bb_image bt_bb_shape_square bt_bb_align_inherit bt_bb_hover_style_simple bt_bb_content_display_always bt_bb_content_align_middle bt_bb_hidden_ms bt_bb_hidden_sm bt_bb_hidden_md bt_bb_hidden_lg\" data-bt-override-class=\"{}\"><span><img src = \"https:\/\/abbeymedlimited.com\/wp-content\/plugins\/bold-page-builder\/img\/blank.gif\" data-full_image_src=\"https:\/\/abbeymedlimited.com\/wp-content\/uploads\/2020\/04\/signature.png\" data-image_src=\"https:\/\/abbeymedlimited.com\/wp-content\/uploads\/2020\/04\/signature.png\" title=\"Signature\" alt=\"https:\/\/abbeymedlimited.com\/wp-content\/uploads\/2020\/04\/signature.png\" class=\"btLazyLoadImage\"><\/span><\/div><div class=\"bt_bb_separator bt_bb_border_style_none bt_bb_border_color_none bt_bb_bottom_spacing_large\" data-bt-override-class=\"null\"><\/div><\/div><\/div><\/div><div  class=\"bt_bb_column col-xxl-6 col-xl-6 bt_bb_vertical_align_top bt_bb_align_left bt_bb_column_background_image bt_bb_padding_normal bt_bb_details_left-inner bt_bb_details-color_white\" style=\"background-image:url(&#039;https:\/\/abbeymedlimited.com\/wp-content\/uploads\/2024\/07\/peter.png&#039;);\" data-width=\"6\" data-bt-override-class=\"{}\"><div class=\"bt_bb_column_content\"><div class=\"bt_bb_column_content_inner\"><\/div><\/div><\/div><\/div><\/div><\/div><!-- cell_inner --><\/div><!-- cell --><\/div><!-- port --><\/section>","protected":false},"excerpt":{"rendered":"","protected":false},"author":2,"featured_media":0,"parent":11,"menu_order":0,"comment_status":"closed","ping_status":"closed","template":"","meta":{"footnotes":""},"class_list":["post-1830","page","type-page","status-publish","hentry"],"_links":{"self":[{"href":"https:\/\/abbeymedlimited.com\/de\/wp-json\/wp\/v2\/pages\/1830","targetHints":{"allow":["GET"]}}],"collection":[{"href":"https:\/\/abbeymedlimited.com\/de\/wp-json\/wp\/v2\/pages"}],"about":[{"href":"https:\/\/abbeymedlimited.com\/de\/wp-json\/wp\/v2\/types\/page"}],"author":[{"embeddable":true,"href":"https:\/\/abbeymedlimited.com\/de\/wp-json\/wp\/v2\/users\/2"}],"replies":[{"embeddable":true,"href":"https:\/\/abbeymedlimited.com\/de\/wp-json\/wp\/v2\/comments?post=1830"}],"version-history":[{"count":21,"href":"https:\/\/abbeymedlimited.com\/de\/wp-json\/wp\/v2\/pages\/1830\/revisions"}],"predecessor-version":[{"id":3674,"href":"https:\/\/abbeymedlimited.com\/de\/wp-json\/wp\/v2\/pages\/1830\/revisions\/3674"}],"up":[{"embeddable":true,"href":"https:\/\/abbeymedlimited.com\/de\/wp-json\/wp\/v2\/pages\/11"}],"wp:attachment":[{"href":"https:\/\/abbeymedlimited.com\/de\/wp-json\/wp\/v2\/media?parent=1830"}],"curies":[{"name":"wp","href":"https:\/\/api.w.org\/{rel}","templated":true}]}}