{"id":2922,"date":"2020-06-04T07:46:35","date_gmt":"2020-06-04T07:46:35","guid":{"rendered":"http:\/\/novalab.bold-themes.com\/demo-02\/?page_id=2922"},"modified":"2023-09-26T20:04:57","modified_gmt":"2023-09-26T20:04:57","slug":"work-with-us","status":"publish","type":"page","link":"https:\/\/abbeymedlimited.com\/de\/about-us\/work-with-us\/","title":{"rendered":"Arbeiten Sie mit uns"},"content":{"rendered":"<section id=\"bt_bb_section69fb4745203f7\" class=\"bt_bb_section bt_bb_color_scheme_1 bt_bb_layout_boxed_1200 bt_bb_vertical_align_top bt_bb_bottom_section_coverage_image bt_bb_section_with_bottom_coverage_image bt_bb_top_spacing_large bt_bb_bottom_spacing_large\" style=\"; --section-primary-color:#ffffff; --section-secondary-color:#191919;\" data-bt-override-class=\"null\"><div class=\"bt_bb_background_image_holder_wrapper\"><div class=\"bt_bb_background_image_holder bt_bb_parallax\"  data-parallax=\"0.7\" data-parallax-offset=\"0\" data-parallax-zoom-start=\"1\" data-parallax-zoom-end=\"1\" data-parallax-blur-start=\"0\" data-parallax-blur-end=\"0\" data-parallax-opacity-start=\"1\" data-parallax-opacity-end=\"1\" style=\" background-image:url(&#039;https:\/\/abbeymedlimited.com\/wp-content\/uploads\/2020\/06\/hero-about-us.jpg&#039;);\"><\/div><\/div><div class=\"bt_bb_port\"><div class=\"bt_bb_cell\"><div class=\"bt_bb_cell_inner\"><div class=\"bt_bb_row_wrapper\"><div  class=\"bt_bb_row\"  data-bt-override-class=\"{}\"><div  class=\"bt_bb_column col-xxl-7 col-xl-7 bt_bb_vertical_align_middle bt_bb_align_left bt_bb_padding_normal bt_bb_animation_fade_in animate\"  data-width=\"7\" data-bt-override-class=\"{}\"><div class=\"bt_bb_column_content\"><div class=\"bt_bb_column_content_inner\"><div class=\"bt_bb_separator bt_bb_border_style_none bt_bb_border_color_none bt_bb_bottom_spacing_large\" data-bt-override-class=\"null\"><\/div><header class=\"bt_bb_headline bt_bb_dash_none bt_bb_size_large bt_bb_align_inherit\" data-bt-override-class=\"{}\"><h1 class=\"bt_bb_headline_tag\"><span class=\"bt_bb_headline_content\"><span>Arbeiten Sie mit uns<\/span><\/span><\/h1><\/header><div class=\"bt_bb_separator bt_bb_border_style_none bt_bb_border_color_none bt_bb_bottom_spacing_large\" data-bt-override-class=\"null\"><\/div><\/div><\/div><\/div><div  class=\"bt_bb_column col-xxl-5 col-xl-5 bt_bb_vertical_align_top bt_bb_align_left bt_bb_padding_normal\"  data-width=\"5\" data-bt-override-class=\"{}\"><div class=\"bt_bb_column_content\"><div class=\"bt_bb_column_content_inner\"><\/div><\/div><\/div><\/div><\/div><\/div><!-- cell_inner --><\/div><!-- cell --><\/div><!-- port --><div class=\"bt_bb_section_bottom_section_coverage_image\"><img decoding=\"async\" src=\"https:\/\/abbeymedlimited.com\/wp-content\/uploads\/2020\/05\/bottom-cover.png\" alt=\"bt_bb_section_bottom_section_coverage_image\" \/><\/div><\/section><section id=\"bt_bb_section69fb47452082c\" class=\"bt_bb_section bt_bb_color_scheme_13 bt_bb_layout_boxed_1200 bt_bb_vertical_align_top bt_bb_background_overlay_light_top_gradient bt_bb_top_spacing_large bt_bb_bottom_spacing_large\" style=\"; --section-primary-color:#191919; --section-secondary-color:#f8f9fb;\" data-bt-override-class=\"null\"><div class=\"bt_bb_background_image_holder_wrapper\"><div class=\"bt_bb_background_image_holder btLazyLoadBackground bt_bb_parallax\"  data-background_image_src=\"https:\/\/abbeymedlimited.com\/wp-content\/uploads\/2020\/05\/about_us_background.png\" data-parallax=\"0.7\" data-parallax-offset=\"0\" data-parallax-zoom-start=\"1\" data-parallax-zoom-end=\"1\" data-parallax-blur-start=\"0\" data-parallax-blur-end=\"0\" data-parallax-opacity-start=\"1\" data-parallax-opacity-end=\"1\" style=\" background-image: url(&#039;https:\/\/abbeymedlimited.com\/wp-content\/plugins\/bold-page-builder\/img\/blank.gif&#039;);\"><\/div><\/div><div class=\"bt_bb_port\"><div class=\"bt_bb_cell\"><div class=\"bt_bb_cell_inner\"><div class=\"bt_bb_row_wrapper\"><div  class=\"bt_bb_row\"  data-bt-override-class=\"{}\"><div  class=\"bt_bb_column col-xxl-6 col-xl-6 bt_bb_vertical_align_top bt_bb_align_left bt_bb_padding_normal bt_bb_animation_fade_in animate\"  data-width=\"6\" data-bt-override-class=\"{}\"><div class=\"bt_bb_column_content\"><div class=\"bt_bb_column_content_inner\"><div  class=\"bt_bb_text\" ><div class=\"bold_timeline_container btTimelineAbout bold_timeline_container_line_style_solid bold_timeline_container_has_line_style bold_timeline_container_line_thickness_thick bold_timeline_container_item_style_outline bold_timeline_container_line_position_vertical bold_timeline_container_line_position_left bold_timeline_container_item_frame_thickness_thick bold_timeline_container_item_shape_square bold_timeline_container_item_icon_position_line bold_timeline_container_item_icon_shape_hard_rounded bold_timeline_container_item_icon_style_filled bold_timeline_container_item_connection_type_triangle bold_timeline_container_item_content_display_show bold_timeline_container_item_marker_type_circle_small bold_timeline_container_item_title_size_normal bold_timeline_container_item_supertitle_style_default bold_timeline_container_item_alignment_default bold_timeline_container_item_media_position_bottom bold_timeline_container_item_images_columns_1 bold_timeline_container_item_animation_fade_in bold_timeline_container_group_style_clear bold_timeline_container_group_shape_square bold_timeline_container_group_thickness_normal bold_timeline_container_group_content_display_show bold_timeline_container_button_style_outline bold_timeline_container_button_shape_soft_rounded bold_timeline_container_button_size_normal bold_timeline_container_group_title_size_large\" id=\"id_69fb474520dec\" style=\"; --boldthemes-default-line-color: #f54857; --boldthemes-default-group-color: #697375; --boldthemes-default-item-background-color: #ffffff; --boldthemes-default-frame-color: #ffffff; --boldthemes-default-marker-color: #f54857; --boldthemes-default-connection-color: #ffffff;\" data-css-override=\"\"><div class = \"bold_timeline_container_line\"><\/div><div class=\"bold_timeline_container_content\"><div class=\"bold_timeline_group bold_timeline_group_override_style_clear bold_timeline_group_override_shape_square bold_timeline_group_override_content_display_show bold_timeline_group_override_title_size_large bold_timeline_animate\" id=\"id_69fb474520eaa\" data-css-override=\"\"><div class=\"bold_timeline_group_inner\"><\/div><div class=\"bold_timeline_group_content\"><div class=\"bold_timeline_item bold_timeline_item_override_style_inherit bold_timeline_item_override_shape_inherit bold_timeline_item_override_frame_thickness_inherit bold_timeline_item_override_connection_type_inherit bold_timeline_item_override_content_display_inherit bold_timeline_item_override_animation_inherit bold_timeline_animate bold_timeline_item_override_marker_type_inherit bold_timeline_item_override_icon_position_inherit bold_timeline_item_override_icon_style_inherit bold_timeline_item_override_icon_shape_inherit bold_timeline_item_override_media_position_inherit bold_timeline_item_override_title_size_inherit bold_timeline_item_override_supertitle_style_inherit bold_timeline_item_override_alignment_inherit bold_timeline_item_override_images_columns_inherit\" id=\"id_69fb474520f20\" data-css-override=\"\" data-margin-top=\"0\"><div class = \"bold_timeline_item_marker\"><\/div><div class = \"bold_timeline_item_connection\"><\/div><div class=\"bold_timeline_item_inner\"><div class=\"bold_timeline_item_header\"><div class=\"bold_timeline_item_header_inner\"><h2 class=\"bold_timeline_item_header_title\">ZUVERL\u00c4SSIGE UND PR\u00c4ZISE ERGEBNISSE<\/h2><\/div><\/div><div class=\"bold_timeline_item_content\"><div class=\"bold_timeline_item_content_inner\"><div class=\"bold_timeline_item_text\" id=\"id_69fb474520f6f\"><div class=\"bold_timeline_item_text_inner\"><p>In der Entwicklung lebensver\u00e4ndernder L\u00f6sungen gibt es keine Standardl\u00f6sung \u2013 unsere Studien werden gezielt auf Ihre individuellen Anforderungen zugeschnitten. Wir garantieren eine zuverl\u00e4ssige API-Produktion sowie pr\u00e4zise Pr\u00fcfungen unter Einsatz modernster Einrichtungen, Ger\u00e4te und Methoden und bieten integrierte, fortschrittliche L\u00f6sungen f\u00fcr die Arzneimittelentwicklung.<\/p><\/div><\/div><\/div><\/div><\/div><\/div><\/div><div class=\"bold_timeline_group_show_button\"><div class=\"bold_timeline_group_show_button_inner\">[bold_timeline_item_button title=&#8221;Expand&#8221; style=&#8221;&#8221; shape=&#8221;&#8221; color=&#8221;&#8221; size=&#8221;inline&#8221; url=&#8221;#&#8221; el_class=&#8221;bold_timeline_group_button&#8221;]<\/div><\/div><\/div><div class=\"bold_timeline_group bold_timeline_group_override_style_clear bold_timeline_group_override_shape_square bold_timeline_group_override_content_display_show bold_timeline_group_override_title_size_large bold_timeline_animate\" id=\"id_69fb474521014\" data-css-override=\"\"><div class=\"bold_timeline_group_inner\"><\/div><div class=\"bold_timeline_group_content\"><div class=\"bold_timeline_item bold_timeline_item_override_style_inherit bold_timeline_item_override_shape_inherit bold_timeline_item_override_frame_thickness_inherit bold_timeline_item_override_connection_type_inherit bold_timeline_item_override_content_display_inherit bold_timeline_item_override_animation_inherit bold_timeline_animate bold_timeline_item_override_marker_type_inherit bold_timeline_item_override_icon_position_inherit bold_timeline_item_override_icon_style_inherit bold_timeline_item_override_icon_shape_inherit bold_timeline_item_override_media_position_inherit bold_timeline_item_override_title_size_inherit bold_timeline_item_override_supertitle_style_inherit bold_timeline_item_override_alignment_inherit bold_timeline_item_override_images_columns_inherit\" id=\"id_69fb474521050\" data-css-override=\"\" data-margin-top=\"0\"><div class = \"bold_timeline_item_marker\"><\/div><div class = \"bold_timeline_item_connection\"><\/div><div class=\"bold_timeline_item_inner\"><div class=\"bold_timeline_item_header\"><div class=\"bold_timeline_item_header_inner\"><h2 class=\"bold_timeline_item_header_title\">PARTNERSCHAFT &amp; WACHSTUM<\/h2><\/div><\/div><div class=\"bold_timeline_item_content\"><div class=\"bold_timeline_item_content_inner\"><div class=\"bold_timeline_item_text\" id=\"id_69fb474521068\"><div class=\"bold_timeline_item_text_inner\"><div>Unser strategisch gelegenes Netzwerk aus Laboratorien und klinischen Studienzentren bietet ein umfassendes Spektrum integrierter Dienstleistungen und Fachkompetenz \u2013 und damit das Wissen, die Flexibilit\u00e4t und die Skalierbarkeit, die Sie ben\u00f6tigen.<\/div><div>\u00a0<\/div><ul><li>Umfangreiches Netzwerk an Laboren, klinischen Studienstandorten und qualifizierten Partnern<\/li><li>Gr\u00f6\u00dfen- und testbezogene Kapazit\u00e4ten f\u00fcr Biologika und kleine Molek\u00fcle<\/li><li>Internationales Netzwerk in Amerika, Europa, dem Nahen Osten und im asiatisch-pazifischen Raum<\/li><\/ul><\/div><\/div><\/div><\/div><\/div><\/div><div class=\"bold_timeline_item bold_timeline_item_override_style_inherit bold_timeline_item_override_shape_inherit bold_timeline_item_override_frame_thickness_inherit bold_timeline_item_override_connection_type_inherit bold_timeline_item_override_content_display_inherit bold_timeline_item_override_animation_inherit bold_timeline_animate bold_timeline_item_override_marker_type_inherit bold_timeline_item_override_icon_position_inherit bold_timeline_item_override_icon_style_inherit bold_timeline_item_override_icon_shape_inherit bold_timeline_item_override_media_position_inherit bold_timeline_item_override_title_size_inherit bold_timeline_item_override_supertitle_style_inherit bold_timeline_item_override_alignment_inherit bold_timeline_item_override_images_columns_inherit\" id=\"id_69fb4745210c7\" data-css-override=\"\" data-margin-top=\"0\"><div class = \"bold_timeline_item_marker\"><\/div><div class = \"bold_timeline_item_connection\"><\/div><div class=\"bold_timeline_item_inner\"><div class=\"bold_timeline_item_header\"><div class=\"bold_timeline_item_header_inner\"><h2 class=\"bold_timeline_item_header_title\">METHODENENTWICKLUNG &amp; VALIDIERUNG<\/h2><\/div><\/div><div class=\"bold_timeline_item_content\"><div class=\"bold_timeline_item_content_inner\"><div class=\"bold_timeline_item_text\" id=\"id_69fb4745213a7\"><div class=\"bold_timeline_item_text_inner\"><div>Wir unterst\u00fctzen unsere Kunden bei der Entwicklung analytischer Methoden zur Identifizierung, Gehaltsbestimmung und Reinheit von Arzneimitteln, Wirkstoffen (APIs) und Abbauprodukten.<\/div><div>Zudem bieten wir die Verifizierung der Genauigkeit sowie die Entwicklung von Validierungen bzw. Revalidierungen gem\u00e4\u00df ICH-Richtlinien und\/oder kundenspezifischen Anforderungen.<\/div><\/div><\/div><\/div><\/div><\/div><\/div><\/div><div class=\"bold_timeline_group_show_button\"><div class=\"bold_timeline_group_show_button_inner\">[bold_timeline_item_button title=&#8221;Expand&#8221; style=&#8221;&#8221; shape=&#8221;&#8221; color=&#8221;&#8221; size=&#8221;inline&#8221; url=&#8221;#&#8221; el_class=&#8221;bold_timeline_group_button&#8221;]<\/div><\/div><\/div><\/div><\/div><\/div><div class=\"bt_bb_separator bt_bb_border_style_none bt_bb_border_color_none bt_bb_bottom_spacing_medium bt_bb_hidden_md bt_bb_hidden_lg\" data-bt-override-class=\"null\"><\/div><\/div><\/div><\/div><div  class=\"bt_bb_column col-xxl-6 col-xl-6 bt_bb_vertical_align_top bt_bb_align_left bt_bb_padding_20 bt_bb_animation_fade_in animate\"  data-width=\"6\" data-bt-override-class=\"{}\"><div class=\"bt_bb_column_content\"><div class=\"bt_bb_column_content_inner\"><header class=\"bt_bb_headline bt_bb_color_scheme_2 bt_bb_dash_none bt_bb_superheadline bt_bb_size_normal bt_bb_align_inherit\" style=\"; --primary-color:#191919; --secondary-color:#ffffff;\" data-bt-override-class=\"{}\"><h2 class=\"bt_bb_headline_tag\"><span class=\"bt_bb_headline_superheadline\">ABBEY MEDICAL SUPPLIES LIMITED<\/span><span class=\"bt_bb_headline_content\"><span>Warum mit uns arbeiten?<\/span><\/span><\/h2><\/header><div class=\"bt_bb_separator bt_bb_border_style_none bt_bb_bottom_spacing_medium\" data-bt-override-class=\"null\"><\/div><div class=\"bt_bb_row_wrapper\"><div  class=\"bt_bb_row_inner\"  data-bt-override-class=\"{}\"><div  class=\"bt_bb_column_inner col-xxl-6 col-xl-6 bt_bb_align_center bt_bb_vertical_align_top bt_bb_padding_normal\"  data-width=\"6\" data-bt-override-class=\"{}\"><div class=\"bt_bb_column_inner_content\"><div class=\"bt_bb_separator bt_bb_border_style_none bt_bb_bottom_spacing_normal bt_bb_hidden_md bt_bb_hidden_lg\" data-bt-override-class=\"null\"><\/div><\/div><\/div><div  class=\"bt_bb_column_inner col-xxl-6 col-xl-6 bt_bb_align_center bt_bb_vertical_align_top bt_bb_padding_normal\"  data-width=\"6\" data-bt-override-class=\"{}\"><div class=\"bt_bb_column_inner_content\"><\/div><\/div><\/div><\/div><div  class=\"bt_bb_text\" ><p>Wenn es um hochwertige analytische Kontrollen von Rohstoffen, Wirkstoffen (APIs), Fertigprodukten und Verpackungen geht, sind pr\u00e4zise Ergebnisse, zuverl\u00e4ssiger Service und kurze Bearbeitungszeiten unerl\u00e4sslich. Unsere modern ausgestatteten Labore bieten umfassende Qualit\u00e4tskontrollpr\u00fcfungen gem\u00e4\u00df den Standards der FDA, EMA, USP, BP und JP sowie nach individuellen Kundenspezifikationen.\n\nDank unseres globalen Netzwerks an Laborstandorten profitieren Sie von lokalem Service, schnellen Durchlaufzeiten und hochwertiger analytischer Pr\u00fcfdienstleistung. Die Zusammenarbeit mit uns bietet Ihnen folgende Vorteile:<\/p>\n<\/div><div class=\"bt_bb_separator bt_bb_border_style_none bt_bb_bottom_spacing_normal\" data-bt-override-class=\"null\"><\/div><header class=\"bt_bb_headline bt_bb_font_weight_semi-bold bt_bb_color_scheme_8 bt_bb_dash_none bt_bb_size_extrasmall bt_bb_align_inherit\" style=\"; --primary-color:#000821; --secondary-color:#ffffff;\" data-bt-override-class=\"{}\"><h3 class=\"bt_bb_headline_tag\"><span class=\"bt_bb_headline_content\"><span>FACHKUNDIGE BERATUNG<\/span><\/span><\/h3><\/header><div class=\"bt_bb_separator bt_bb_border_style_none bt_bb_bottom_spacing_small\" data-bt-override-class=\"null\"><\/div><div  class=\"bt_bb_text\" ><p>Senken Sie Kosten und steigern Sie Ihre Rentabilit\u00e4t, indem Sie Ihre Produkte sicher und schnell auf den Markt bringen. Unsere erfahrenen Beratungs- und Projektmanagementteams entwickeln gemeinsam mit Ihnen eine Marktzugangsstrategie \u2013 mit gezielten Instrumenten und Ma\u00dfnahmen zur Planung, Umsetzung und \u00dcberwachung Ihrer Aktivit\u00e4ten. Dabei minimieren wir Fehler und vermeiden potenziell kostspielige Verz\u00f6gerungen bei der Zulassung und Markteinf\u00fchrung Ihrer pharmazeutischen Produkte.<\/p>\n<\/div><div class=\"bt_bb_separator bt_bb_border_style_none bt_bb_bottom_spacing_normal\" data-bt-override-class=\"null\"><\/div><\/div><\/div><\/div><\/div><\/div><\/div><!-- cell_inner --><\/div><!-- cell --><\/div><!-- port --><\/section>","protected":false},"excerpt":{"rendered":"","protected":false},"author":2,"featured_media":0,"parent":11,"menu_order":0,"comment_status":"closed","ping_status":"closed","template":"","meta":{"footnotes":""},"class_list":["post-2922","page","type-page","status-publish","hentry"],"_links":{"self":[{"href":"https:\/\/abbeymedlimited.com\/de\/wp-json\/wp\/v2\/pages\/2922","targetHints":{"allow":["GET"]}}],"collection":[{"href":"https:\/\/abbeymedlimited.com\/de\/wp-json\/wp\/v2\/pages"}],"about":[{"href":"https:\/\/abbeymedlimited.com\/de\/wp-json\/wp\/v2\/types\/page"}],"author":[{"embeddable":true,"href":"https:\/\/abbeymedlimited.com\/de\/wp-json\/wp\/v2\/users\/2"}],"replies":[{"embeddable":true,"href":"https:\/\/abbeymedlimited.com\/de\/wp-json\/wp\/v2\/comments?post=2922"}],"version-history":[{"count":6,"href":"https:\/\/abbeymedlimited.com\/de\/wp-json\/wp\/v2\/pages\/2922\/revisions"}],"predecessor-version":[{"id":3506,"href":"https:\/\/abbeymedlimited.com\/de\/wp-json\/wp\/v2\/pages\/2922\/revisions\/3506"}],"up":[{"embeddable":true,"href":"https:\/\/abbeymedlimited.com\/de\/wp-json\/wp\/v2\/pages\/11"}],"wp:attachment":[{"href":"https:\/\/abbeymedlimited.com\/de\/wp-json\/wp\/v2\/media?parent=2922"}],"curies":[{"name":"wp","href":"https:\/\/api.w.org\/{rel}","templated":true}]}}