{"id":3537,"date":"2023-09-26T21:52:41","date_gmt":"2023-09-26T21:52:41","guid":{"rendered":"https:\/\/abbeymedlimited.com\/?page_id=3537"},"modified":"2023-09-26T22:25:48","modified_gmt":"2023-09-26T22:25:48","slug":"what-are-apis","status":"publish","type":"page","link":"https:\/\/abbeymedlimited.com\/de\/what-are-apis\/","title":{"rendered":"Was sind APIs"},"content":{"rendered":"<section id=\"bt_bb_section69fb46fb12580\" class=\"bt_bb_section bt_bb_color_scheme_1 bt_bb_layout_boxed_1200 bt_bb_vertical_align_top bt_bb_bottom_section_coverage_image bt_bb_section_with_bottom_coverage_image bt_bb_top_spacing_large bt_bb_bottom_spacing_large\" style=\"; --section-primary-color:#ffffff; --section-secondary-color:#191919;\" data-bt-override-class=\"null\"><div class=\"bt_bb_background_image_holder_wrapper\"><div class=\"bt_bb_background_image_holder bt_bb_parallax\"  data-parallax=\"0.7\" data-parallax-offset=\"0\" data-parallax-zoom-start=\"1\" data-parallax-zoom-end=\"1\" data-parallax-blur-start=\"0\" data-parallax-blur-end=\"0\" data-parallax-opacity-start=\"1\" data-parallax-opacity-end=\"1\" style=\" background-image:url(&#039;https:\/\/abbeymedlimited.com\/wp-content\/uploads\/2020\/05\/featured_image_blog.jpg&#039;);\"><\/div><\/div><div class=\"bt_bb_port\"><div class=\"bt_bb_cell\"><div class=\"bt_bb_cell_inner\"><div class=\"bt_bb_row_wrapper\"><div  class=\"bt_bb_row\"  data-bt-override-class=\"{}\"><div  class=\"bt_bb_column col-xxl-7 col-xl-7 bt_bb_vertical_align_middle bt_bb_align_left bt_bb_padding_normal bt_bb_animation_fade_in animate\"  data-width=\"7\" data-bt-override-class=\"{}\"><div class=\"bt_bb_column_content\"><div class=\"bt_bb_column_content_inner\"><div class=\"bt_bb_separator bt_bb_border_style_none bt_bb_border_color_none bt_bb_bottom_spacing_large\" data-bt-override-class=\"null\"><\/div><header data-bb-version=\"4.6.1\" class=\"bt_bb_headline bt_bb_subheadline_text_transform_default bt_bb_dash_none bt_bb_size_large bt_bb_align_inherit\" data-bt-override-class=\"{&quot;bt_bb_size_&quot;:{&quot;current_class&quot;:&quot;bt_bb_size_large&quot;,&quot;xxl&quot;:&quot;large&quot;},&quot;bt_bb_align_&quot;:{&quot;current_class&quot;:&quot;bt_bb_align_inherit&quot;,&quot;xxl&quot;:&quot;inherit&quot;}}\"><h1 class=\"bt_bb_headline_tag\"><span class=\"bt_bb_headline_content\"><span>\u00dcber APIs (Wirkstoffe)<\/span><\/span><\/h1><\/header><div class=\"bt_bb_separator bt_bb_border_style_none bt_bb_border_color_none bt_bb_bottom_spacing_large\" data-bt-override-class=\"null\"><\/div><\/div><\/div><\/div><div  class=\"bt_bb_column col-xxl-5 col-xl-5 bt_bb_vertical_align_top bt_bb_align_left bt_bb_padding_normal\"  data-width=\"5\" data-bt-override-class=\"{}\"><div class=\"bt_bb_column_content\"><div class=\"bt_bb_column_content_inner\"><\/div><\/div><\/div><\/div><\/div><\/div><!-- cell_inner --><\/div><!-- cell --><\/div><!-- port --><div class=\"bt_bb_section_bottom_section_coverage_image\"><img decoding=\"async\" src=\"https:\/\/abbeymedlimited.com\/wp-content\/uploads\/2020\/05\/bottom-cover.png\" alt=\"bt_bb_section_bottom_section_coverage_image\" \/><\/div><\/section><section id=\"bt_bb_section69fb46fb12727\" class=\"bt_bb_section bt_bb_layout_wide bt_bb_vertical_align_top bt_bb_top_spacing_large\"  data-bt-override-class=\"null\"><div class=\"bt_bb_port\"><div class=\"bt_bb_cell\"><div class=\"bt_bb_cell_inner\"><div class=\"bt_bb_row_wrapper bt_bb_row_push_left bt_bb_content_wide bt_bb_row_width_boxed_1200\"><div  class=\"bt_bb_row bt_bb_animation_fade_in bt_bb_animation_move_right animate\"  data-bt-override-class=\"{}\"><div  class=\"bt_bb_column col-xxl-6 col-xl-6 bt_bb_vertical_align_top bt_bb_align_left btLazyLoadBackground bt_bb_column_background_image bt_bb_padding_normal bt_bb_details_right-inner bt_bb_details-color_white\" style=\"position: relative;background-image:url(&#039;https:\/\/abbeymedlimited.com\/wp-content\/plugins\/bold-page-builder\/img\/blank.gif&#039;);\" data-background_image_src='https:\/\/abbeymedlimited.com\/wp-content\/uploads\/2020\/05\/inner_single_service_02.jpg' data-width=\"6\" data-bt-override-class=\"{}\"><div class=\"bt_bb_column_content\"><div class=\"bt_bb_column_content_inner\"><\/div><\/div><\/div><div  class=\"bt_bb_column col-xxl-6 col-xl-6 bt_bb_vertical_align_middle bt_bb_align_left bt_bb_padding_20 bt_bb_animation_fade_in animate\"  data-width=\"6\" data-bt-override-class=\"{}\"><div class=\"bt_bb_column_content\"><div class=\"bt_bb_column_content_inner\"><div class=\"bt_bb_separator bt_bb_border_style_none bt_bb_border_color_none bt_bb_bottom_spacing_large\" data-bt-override-class=\"null\"><\/div><header class=\"bt_bb_headline bt_bb_dash_none bt_bb_size_normal bt_bb_align_inherit\" data-bt-override-class=\"{}\"><h2 class=\"bt_bb_headline_tag\"><span class=\"bt_bb_headline_content\"><span>Was sind APIs<\/span><\/span><\/h2><\/header><div class=\"bt_bb_separator bt_bb_border_style_solid bt_bb_border_color_none bt_bb_top_spacing_normal bt_bb_bottom_spacing_normal\" data-bt-override-class=\"null\"><\/div><div  class=\"bt_bb_text\" ><p>Aktive pharmazeutische Wirkstoffe\u202f(APIs \u2013 Active\u202fPharmaceutical\u202fIngredients) stehen im Zentrum der modernen Medizin und bilden die Grundlage vieler wirksamer und innovativer Therapien. APIs sind die biologisch aktiven Bestandteile eines Arzneimittels. In den meisten F\u00e4llen handelt es sich um komplexe Kombinationen verschiedener Wirkstoffe bzw. biochemischer Verbindungen.<\/p>\n<\/div><div class=\"bt_bb_separator bt_bb_border_style_none bt_bb_bottom_spacing_normal\" data-bt-override-class=\"null\"><\/div><div data-bb-version=\"4.6.1\"  class=\"bt_bb_text\" ><div>Jedes Medikament besteht im Wesentlichen aus zwei Hauptkomponenten:\n\n1. API \u2013 der eigentliche Wirkstoff,\n\n2. Hilfsstoff (Excipient) \u2013 eine pharmakologisch inaktive Substanz, die als Tr\u00e4germaterial dient.\nBeispiel: Bei einem Arzneisaft bildet die Fl\u00fcssigkeit den Hilfsstoff, in dem der Wirkstoff gel\u00f6st ist.<\/div>\n<div>\u00a0<\/div>\n<div>APIs werden in der Regel durch eine oder mehrere der folgenden Verfahren produziert:<\/div>\n<div>\u00a0<\/div>\n<ul class=\"btAccentList\">\n<li>\u00a0 \u00a0 chemische Synthese<\/li>\n<li>\u00a0 \u00a0 Fermentationsprozesse<\/li>\n<li>\u00a0 \u00a0 rekombinante\u202fDNA\u2011Technologie<\/li>\n<li>\u00a0 \u00a0 Isolierung und Aufreinigung aus nat\u00fcrlichen Quellen<\/li>\n<li>\u00a0 \u00a0 Kombination der genannten Verfahren<\/li>\n<\/ul>\n<\/div><div class=\"bt_bb_separator bt_bb_border_style_none bt_bb_border_color_none bt_bb_bottom_spacing_large\" data-bt-override-class=\"null\"><\/div><\/div><\/div><\/div><\/div><\/div><div class=\"bt_bb_row_wrapper bt_bb_row_push_left bt_bb_content_wide bt_bb_row_width_boxed_1200\"><div  class=\"bt_bb_row bt_bb_animation_fade_in bt_bb_animation_move_right animate\"  data-bt-override-class=\"{}\"><div data-bb-version=\"4.6.1\"  class=\"bt_bb_column col-xxl-12 col-xl-12 col-xs-12 col-sm-12 col-md-12 col-lg-12 bt_bb_vertical_align_middle bt_bb_align_center bt_bb_padding_20 bt_bb_animation_fade_in animate bt_bb_details-color_white\"  data-width=\"12\" data-bt-override-class=\"{&quot;bt_bb_align_&quot;:{&quot;current_class&quot;:&quot;bt_bb_align_center&quot;,&quot;xxl&quot;:&quot;center&quot;},&quot;bt_bb_padding_&quot;:{&quot;current_class&quot;:&quot;bt_bb_padding_20&quot;,&quot;xxl&quot;:&quot;20&quot;}}\"><div class=\"bt_bb_column_content\"><div class=\"bt_bb_column_content_inner\"><div class=\"bt_bb_separator bt_bb_border_style_none bt_bb_border_color_none bt_bb_bottom_spacing_large\" data-bt-override-class=\"null\"><\/div><div class=\"bt_bb_separator bt_bb_border_style_solid bt_bb_border_color_none bt_bb_top_spacing_normal bt_bb_bottom_spacing_normal\" data-bt-override-class=\"null\"><\/div><div class=\"bt_bb_separator bt_bb_border_style_none bt_bb_bottom_spacing_normal\" data-bt-override-class=\"null\"><\/div><\/div><\/div><\/div><\/div><\/div><\/div><!-- cell_inner --><\/div><!-- cell --><\/div><!-- port --><\/section><section id=\"bt_bb_section69fb46fb12c11\" class=\"bt_bb_section bt_bb_layout_wide bt_bb_vertical_align_top\"  data-bt-override-class=\"null\"><div class=\"bt_bb_port\"><div class=\"bt_bb_cell\"><div class=\"bt_bb_cell_inner\"><div class=\"bt_bb_row_wrapper bt_bb_row_push_right bt_bb_content_wide bt_bb_row_width_boxed_1200\"><div  class=\"bt_bb_row bt_bb_animation_fade_in bt_bb_animation_move_left animate\"  data-bt-override-class=\"{}\"><div  class=\"bt_bb_column col-xxl-6 col-xl-6 bt_bb_vertical_align_middle bt_bb_align_left bt_bb_padding_20 bt_bb_animation_fade_in animate\"  data-width=\"6\" data-bt-override-class=\"{}\"><div class=\"bt_bb_column_content\"><div class=\"bt_bb_column_content_inner\"><div class=\"bt_bb_separator bt_bb_border_style_none bt_bb_border_color_none bt_bb_bottom_spacing_large\" data-bt-override-class=\"null\"><\/div><div class=\"bt_bb_separator bt_bb_border_style_none bt_bb_bottom_spacing_normal\" data-bt-override-class=\"null\"><\/div><div data-bb-version=\"4.6.1\"  class=\"bt_bb_text\" ><div>Der Zweck eines APIs besteht darin, eine pharmakologische Wirkung oder einen anderen direkten Effekt zu erzielen \u2013 sei es zur Diagnose, Heilung, Linderung, Behandlung oder Vorbeugung von Krankheiten oder um Struktur bzw. Funktion des menschlichen K\u00f6rpers zu beeinflussen.<\/div>\n<div>\u00a0<\/div>\n<div>In manchen F\u00e4llen ist die genaue Wirksubstanz unbekannt; es werden dann zus\u00e4tzliche Komponenten ben\u00f6tigt, die zusammen mit dem API den gew\u00fcnschten pharmakologischen Effekt ausl\u00f6sen. Das ist typisch f\u00fcr pflanzliche Arzneimittel, bei denen h\u00e4ufig ein Gemisch mehrerer Substanzen gemeinsam die Wirkung hervorruft. Hier gilt die Gesamtheit dieser aktiven Bestandteile als API.<\/div>\n<div>\u00a0<\/div>\n<div>Warum die Unterscheidung wichtig ist\nDurch die klare Trennung zwischen APIs und den fertigen Arzneimitteln k\u00f6nnen Hersteller ihre Ressourcen spezialisieren, und Apotheker k\u00f6nnen generische \u00c4quivalente eindeutig den Markennamen zuordnen. Diese Differenzierung bildet ein wesentliches Prinzip der modernen Pharmazie und regulativen Vorgaben.<\/div>\n<\/div><\/div><\/div><\/div><div  class=\"bt_bb_column col-xxl-6 col-xl-6 bt_bb_vertical_align_top bt_bb_align_left btLazyLoadBackground bt_bb_column_background_image bt_bb_padding_normal bt_bb_details_left-inner bt_bb_details-color_white\" style=\"position: relative;background-image:url(&#039;https:\/\/abbeymedlimited.com\/wp-content\/plugins\/bold-page-builder\/img\/blank.gif&#039;);\" data-background_image_src='https:\/\/abbeymedlimited.com\/wp-content\/uploads\/2020\/05\/inner_single_service_01.jpg' data-width=\"6\" data-bt-override-class=\"{}\"><div class=\"bt_bb_column_content\"><div class=\"bt_bb_column_content_inner\"><\/div><\/div><\/div><\/div><\/div><\/div><!-- cell_inner --><\/div><!-- cell --><\/div><!-- port --><\/section><section data-bb-version=\"4.6.1\" id=\"bt_bb_section69fb46fb12eed\" class=\"bt_bb_section bt_bb_layout_boxed_1200\"  data-bt-override-class=\"null\"><div class=\"bt_bb_port\"><div class=\"bt_bb_cell\"><div class=\"bt_bb_cell_inner\"><div class=\"bt_bb_row_wrapper bt_bb_row_push_left bt_bb_content_wide bt_bb_row_width_boxed_1200\"><div  class=\"bt_bb_row bt_bb_animation_fade_in bt_bb_animation_move_right animate\"  data-bt-override-class=\"{}\"><div data-bb-version=\"4.6.1\"  class=\"bt_bb_column col-xxl-12 col-xl-12 col-xs-12 col-sm-12 col-md-12 col-lg-12 bt_bb_vertical_align_middle bt_bb_align_center bt_bb_padding_20 bt_bb_animation_fade_in animate bt_bb_details-color_white\"  data-width=\"12\" data-bt-override-class=\"{&quot;bt_bb_align_&quot;:{&quot;current_class&quot;:&quot;bt_bb_align_center&quot;,&quot;xxl&quot;:&quot;center&quot;},&quot;bt_bb_padding_&quot;:{&quot;current_class&quot;:&quot;bt_bb_padding_20&quot;,&quot;xxl&quot;:&quot;20&quot;}}\"><div class=\"bt_bb_column_content\"><div class=\"bt_bb_column_content_inner\"><div class=\"bt_bb_separator bt_bb_border_style_none bt_bb_border_color_none bt_bb_bottom_spacing_large\" data-bt-override-class=\"null\"><\/div><div class=\"bt_bb_separator bt_bb_border_style_solid bt_bb_border_color_none bt_bb_top_spacing_normal bt_bb_bottom_spacing_normal\" data-bt-override-class=\"null\"><\/div><div class=\"bt_bb_separator bt_bb_border_style_none bt_bb_bottom_spacing_normal\" data-bt-override-class=\"null\"><\/div><\/div><\/div><\/div><\/div><\/div><\/div><!-- cell_inner --><\/div><!-- cell --><\/div><!-- port --><\/section>","protected":false},"excerpt":{"rendered":"","protected":false},"author":1,"featured_media":0,"parent":0,"menu_order":0,"comment_status":"closed","ping_status":"closed","template":"","meta":{"footnotes":""},"class_list":["post-3537","page","type-page","status-publish","hentry"],"_links":{"self":[{"href":"https:\/\/abbeymedlimited.com\/de\/wp-json\/wp\/v2\/pages\/3537","targetHints":{"allow":["GET"]}}],"collection":[{"href":"https:\/\/abbeymedlimited.com\/de\/wp-json\/wp\/v2\/pages"}],"about":[{"href":"https:\/\/abbeymedlimited.com\/de\/wp-json\/wp\/v2\/types\/page"}],"author":[{"embeddable":true,"href":"https:\/\/abbeymedlimited.com\/de\/wp-json\/wp\/v2\/users\/1"}],"replies":[{"embeddable":true,"href":"https:\/\/abbeymedlimited.com\/de\/wp-json\/wp\/v2\/comments?post=3537"}],"version-history":[{"count":11,"href":"https:\/\/abbeymedlimited.com\/de\/wp-json\/wp\/v2\/pages\/3537\/revisions"}],"predecessor-version":[{"id":3553,"href":"https:\/\/abbeymedlimited.com\/de\/wp-json\/wp\/v2\/pages\/3537\/revisions\/3553"}],"wp:attachment":[{"href":"https:\/\/abbeymedlimited.com\/de\/wp-json\/wp\/v2\/media?parent=3537"}],"curies":[{"name":"wp","href":"https:\/\/api.w.org\/{rel}","templated":true}]}}