{"id":3546,"date":"2023-09-26T22:20:31","date_gmt":"2023-09-26T22:20:31","guid":{"rendered":"https:\/\/abbeymedlimited.com\/?page_id=3546"},"modified":"2023-10-11T06:44:35","modified_gmt":"2023-10-11T06:44:35","slug":"expertise","status":"publish","type":"page","link":"https:\/\/abbeymedlimited.com\/de\/expertise\/","title":{"rendered":"Fachwissen"},"content":{"rendered":"<section id=\"bt_bb_section69fb46ea432ee\" class=\"bt_bb_section bt_bb_color_scheme_1 bt_bb_layout_boxed_1200 bt_bb_vertical_align_top bt_bb_bottom_section_coverage_image bt_bb_section_with_bottom_coverage_image bt_bb_top_spacing_large bt_bb_bottom_spacing_large\" style=\"; --section-primary-color:#ffffff; --section-secondary-color:#191919;\" data-bt-override-class=\"null\"><div class=\"bt_bb_background_image_holder_wrapper\"><div class=\"bt_bb_background_image_holder bt_bb_parallax\"  data-parallax=\"0.7\" data-parallax-offset=\"0\" data-parallax-zoom-start=\"1\" data-parallax-zoom-end=\"1\" data-parallax-blur-start=\"0\" data-parallax-blur-end=\"0\" data-parallax-opacity-start=\"1\" data-parallax-opacity-end=\"1\" style=\" background-image:url(&#039;https:\/\/abbeymedlimited.com\/wp-content\/uploads\/2020\/05\/featured_image_blog.jpg&#039;);\"><\/div><\/div><div class=\"bt_bb_port\"><div class=\"bt_bb_cell\"><div class=\"bt_bb_cell_inner\"><div class=\"bt_bb_row_wrapper\"><div  class=\"bt_bb_row\"  data-bt-override-class=\"{}\"><div  class=\"bt_bb_column col-xxl-7 col-xl-7 bt_bb_vertical_align_middle bt_bb_align_left bt_bb_padding_normal bt_bb_animation_fade_in animate\"  data-width=\"7\" data-bt-override-class=\"{}\"><div class=\"bt_bb_column_content\"><div class=\"bt_bb_column_content_inner\"><div class=\"bt_bb_separator bt_bb_border_style_none bt_bb_border_color_none bt_bb_bottom_spacing_large\" data-bt-override-class=\"null\"><\/div><header data-bb-version=\"4.6.1\" class=\"bt_bb_headline bt_bb_subheadline_text_transform_default bt_bb_dash_none bt_bb_size_large bt_bb_align_inherit\" data-bt-override-class=\"{&quot;bt_bb_size_&quot;:{&quot;current_class&quot;:&quot;bt_bb_size_large&quot;,&quot;xxl&quot;:&quot;large&quot;},&quot;bt_bb_align_&quot;:{&quot;current_class&quot;:&quot;bt_bb_align_inherit&quot;,&quot;xxl&quot;:&quot;inherit&quot;}}\"><h1 class=\"bt_bb_headline_tag\"><span class=\"bt_bb_headline_content\"><span>Unsere Expertise<\/span><\/span><\/h1><\/header><div class=\"bt_bb_separator bt_bb_border_style_none bt_bb_border_color_none bt_bb_bottom_spacing_large\" data-bt-override-class=\"null\"><\/div><\/div><\/div><\/div><div  class=\"bt_bb_column col-xxl-5 col-xl-5 bt_bb_vertical_align_top bt_bb_align_left bt_bb_padding_normal\"  data-width=\"5\" data-bt-override-class=\"{}\"><div class=\"bt_bb_column_content\"><div class=\"bt_bb_column_content_inner\"><\/div><\/div><\/div><\/div><\/div><\/div><!-- cell_inner --><\/div><!-- cell --><\/div><!-- port --><div class=\"bt_bb_section_bottom_section_coverage_image\"><img decoding=\"async\" src=\"https:\/\/abbeymedlimited.com\/wp-content\/uploads\/2020\/05\/bottom-cover.png\" alt=\"bt_bb_section_bottom_section_coverage_image\" \/><\/div><\/section><section id=\"bt_bb_section69fb46ea43477\" class=\"bt_bb_section bt_bb_layout_wide bt_bb_vertical_align_top bt_bb_top_spacing_large\"  data-bt-override-class=\"null\"><div class=\"bt_bb_port\"><div class=\"bt_bb_cell\"><div class=\"bt_bb_cell_inner\"><div class=\"bt_bb_row_wrapper bt_bb_row_push_left bt_bb_content_wide bt_bb_row_width_boxed_1200\"><div  class=\"bt_bb_row bt_bb_animation_fade_in bt_bb_animation_move_right animate\"  data-bt-override-class=\"{}\"><div  class=\"bt_bb_column col-xxl-6 col-xl-6 bt_bb_vertical_align_top bt_bb_align_left btLazyLoadBackground bt_bb_column_background_image bt_bb_padding_normal bt_bb_details_right-inner bt_bb_details-color_white\" style=\"position: relative;background-image:url(&#039;https:\/\/abbeymedlimited.com\/wp-content\/plugins\/bold-page-builder\/img\/blank.gif&#039;);\" data-background_image_src='https:\/\/abbeymedlimited.com\/wp-content\/uploads\/2020\/05\/inner_single_service_02.jpg' data-width=\"6\" data-bt-override-class=\"{}\"><div class=\"bt_bb_column_content\"><div class=\"bt_bb_column_content_inner\"><\/div><\/div><\/div><div  class=\"bt_bb_column col-xxl-6 col-xl-6 bt_bb_vertical_align_middle bt_bb_align_left bt_bb_padding_20 bt_bb_animation_fade_in animate\"  data-width=\"6\" data-bt-override-class=\"{}\"><div class=\"bt_bb_column_content\"><div class=\"bt_bb_column_content_inner\"><div class=\"bt_bb_separator bt_bb_border_style_none bt_bb_border_color_none bt_bb_bottom_spacing_large\" data-bt-override-class=\"null\"><\/div><header class=\"bt_bb_headline bt_bb_dash_none bt_bb_subheadline bt_bb_size_normal bt_bb_align_inherit btNoHeadline\" data-bt-override-class=\"{}\"><div class=\"bt_bb_headline_subheadline\">Fortgeschrittene medizinische Forschung<\/div><\/header><div class=\"bt_bb_separator bt_bb_border_style_solid bt_bb_border_color_none bt_bb_top_spacing_normal bt_bb_bottom_spacing_normal\" data-bt-override-class=\"null\"><\/div><div  class=\"bt_bb_text\" ><div>Wenn es um hochwertige analytische Kontrollen von Rohstoffen, Wirkstoffen (APIs), Fertigprodukten und Verpackungen geht, sind pr\u00e4zise Ergebnisse, zuverl\u00e4ssiger Service und kurze Bearbeitungszeiten unerl\u00e4sslich. Unsere modern ausgestatteten Labore bieten umfassende Qualit\u00e4tskontrolldienstleistungen gem\u00e4\u00df den Standards der FDA, EMA, USP, BP und JP sowie den spezifischen Anforderungen unserer Kunden. Dank unseres globalen Netzwerks an Laboren profitieren Sie von lokalem Service, schnellen Bearbeitungszeiten, hochwertiger analytischer Pr\u00fcftechnik und kosteneffizienter API-Herstellung.<\/div>\n<div><\/div>\n<div>\n<p><strong>Acetylcholinesterase-Inhibitoren<\/strong><\/p>\n<p>Unser Produktsortiment im Bereich Acetylcholinesterase-Inhibitoren:\nDiese Wirkstoffe hemmen ein Enzym, das Acetylcholin im Gehirn abbaut \u2013 wichtig f\u00fcr die Signal\u00fcbertragung zwischen Nervenzellen:<\/p>\n<ul class=\"btAccentList\">\n<li>Donepezil (Aricept) \u2013 auch bei schwererer Alzheimer-Erkrankung eingesetzt<\/li>\n<li>Rivastigmin (Exelon)<\/li>\n<li>Galantamin (Reminyl)<\/li>\n<\/ul>\n<p>-<\/p>\n<\/div>\n<\/div><div class=\"bt_bb_separator bt_bb_border_style_none bt_bb_bottom_spacing_normal\" data-bt-override-class=\"null\"><\/div><div data-bb-version=\"4.6.1\"  class=\"bt_bb_text\" ><p><strong>API-Entwicklung, -Herstellung &amp; -Beratung:<\/strong><\/p>\n<p>Wir produzieren hochwertige APIs f\u00fcr die Pharmaindustrie. Unsere Leistungen umfassen:\n\n.Strategische Begleitung der fr\u00fchen Arzneimittelentwicklungsphasen\n\n.Validierung durch Beh\u00f6rden\n\n.Erstellung offizieller Zulassungsunterlagen\n\n.Wissenschaftliche und medizinische Expertise<\/p>\n<\/div><div class=\"bt_bb_separator bt_bb_border_style_none bt_bb_border_color_none bt_bb_bottom_spacing_large\" data-bt-override-class=\"null\"><\/div><\/div><\/div><\/div><\/div><\/div><div class=\"bt_bb_row_wrapper bt_bb_row_push_left bt_bb_content_wide bt_bb_row_width_boxed_1200\"><div  class=\"bt_bb_row bt_bb_animation_fade_in bt_bb_animation_move_right animate\"  data-bt-override-class=\"{}\"><div data-bb-version=\"4.6.1\"  class=\"bt_bb_column col-xxl-12 col-xl-12 col-xs-12 col-sm-12 col-md-12 col-lg-12 bt_bb_vertical_align_middle bt_bb_align_center bt_bb_padding_20 bt_bb_animation_fade_in animate bt_bb_details-color_white\"  data-width=\"12\" data-bt-override-class=\"{&quot;bt_bb_align_&quot;:{&quot;current_class&quot;:&quot;bt_bb_align_center&quot;,&quot;xxl&quot;:&quot;center&quot;},&quot;bt_bb_padding_&quot;:{&quot;current_class&quot;:&quot;bt_bb_padding_20&quot;,&quot;xxl&quot;:&quot;20&quot;}}\"><div class=\"bt_bb_column_content\"><div class=\"bt_bb_column_content_inner\"><div class=\"bt_bb_separator bt_bb_border_style_none bt_bb_border_color_none bt_bb_bottom_spacing_large\" data-bt-override-class=\"null\"><\/div><div class=\"bt_bb_separator bt_bb_border_style_solid bt_bb_border_color_none bt_bb_top_spacing_normal bt_bb_bottom_spacing_normal\" data-bt-override-class=\"null\"><\/div><div class=\"bt_bb_separator bt_bb_border_style_none bt_bb_bottom_spacing_normal\" data-bt-override-class=\"null\"><\/div><\/div><\/div><\/div><\/div><\/div><\/div><!-- cell_inner --><\/div><!-- cell --><\/div><!-- port --><\/section><section id=\"bt_bb_section69fb46ea43955\" class=\"bt_bb_section bt_bb_layout_wide bt_bb_vertical_align_top\"  data-bt-override-class=\"null\"><div class=\"bt_bb_port\"><div class=\"bt_bb_cell\"><div class=\"bt_bb_cell_inner\"><div class=\"bt_bb_row_wrapper bt_bb_row_push_right bt_bb_content_wide bt_bb_row_width_boxed_1200\"><div  class=\"bt_bb_row bt_bb_animation_fade_in bt_bb_animation_move_left animate\"  data-bt-override-class=\"{}\"><div  class=\"bt_bb_column col-xxl-6 col-xl-6 bt_bb_vertical_align_middle bt_bb_align_left bt_bb_padding_20 bt_bb_animation_fade_in animate\"  data-width=\"6\" data-bt-override-class=\"{}\"><div class=\"bt_bb_column_content\"><div class=\"bt_bb_column_content_inner\"><div class=\"bt_bb_separator bt_bb_border_style_none bt_bb_border_color_none bt_bb_bottom_spacing_large\" data-bt-override-class=\"null\"><\/div><div class=\"bt_bb_separator bt_bb_border_style_none bt_bb_bottom_spacing_normal\" data-bt-override-class=\"null\"><\/div><div data-bb-version=\"4.6.1\"  class=\"bt_bb_text\" ><div>Zudem f\u00fchren wir moderne klinische Studien (Phase\u202fI\u2013III) durch \u2013 sowohl mit gesunden Probanden als auch mit Patienten. Unsere Beratungsleistung zu Studiendesign, Datenmanagement und Rekrutierung unterst\u00fctzt Sie effektiv. Unser Fokus liegt auf:<\/div>\n<div>ABBEY MEDICAL SUPPLIES LIMITED\u00a0 medicals has extensive experience in managing phase I trials (HV and patients) as well as phase II and III across a wide spectrum of therapeutic indications.<\/div>\n<div>For a qualitative and faster patient recruitment, clients can count on our consultative, cross functional trial design, Large data base of investigators and key scientists &amp; opinion leaders.<\/div>\n<div>\u00a0<\/div>\n<div>Our expertise in clinical trial management enables us to achieve robust and reliable feasibility study, efficient project start-up and siteactivation, Worldwide recognition for End-to-End<\/div>\n<div>Clinical Trial Management, Consistent, proven success in multiple therapeutic areas, with a focus on;<\/div>\n<div>\u00a0<\/div>\n<ul class=\"btAccentList\">\n<li>Infektionskrankheiten<\/li>\n<li>Neurologischen Erkrankungen<\/li>\n<li>Atemwegserkrankungen<\/li>\n<\/ul>\n<\/div><\/div><\/div><\/div><div  class=\"bt_bb_column col-xxl-6 col-xl-6 bt_bb_vertical_align_top bt_bb_align_left btLazyLoadBackground bt_bb_column_background_image bt_bb_padding_normal bt_bb_details_left-inner bt_bb_details-color_white\" style=\"position: relative;background-image:url(&#039;https:\/\/abbeymedlimited.com\/wp-content\/plugins\/bold-page-builder\/img\/blank.gif&#039;);\" data-background_image_src='https:\/\/abbeymedlimited.com\/wp-content\/uploads\/2020\/05\/inner_single_service_01.jpg' data-width=\"6\" data-bt-override-class=\"{}\"><div class=\"bt_bb_column_content\"><div class=\"bt_bb_column_content_inner\"><\/div><\/div><\/div><\/div><\/div><\/div><!-- cell_inner --><\/div><!-- cell --><\/div><!-- port --><\/section><section id=\"bt_bb_section69fb46ea43c72\" class=\"bt_bb_section bt_bb_layout_wide bt_bb_vertical_align_top bt_bb_top_spacing_large\"  data-bt-override-class=\"null\"><div class=\"bt_bb_port\"><div class=\"bt_bb_cell\"><div class=\"bt_bb_cell_inner\"><div class=\"bt_bb_row_wrapper bt_bb_row_push_left bt_bb_content_wide bt_bb_row_width_boxed_1200\"><div  class=\"bt_bb_row bt_bb_animation_fade_in bt_bb_animation_move_right animate\"  data-bt-override-class=\"{}\"><div  class=\"bt_bb_column col-xxl-6 col-xl-6 bt_bb_vertical_align_top bt_bb_align_left btLazyLoadBackground bt_bb_column_background_image bt_bb_padding_normal bt_bb_details_right-inner bt_bb_details-color_white\" style=\"position: relative;background-image:url(&#039;https:\/\/abbeymedlimited.com\/wp-content\/plugins\/bold-page-builder\/img\/blank.gif&#039;);\" data-background_image_src='https:\/\/abbeymedlimited.com\/wp-content\/uploads\/2020\/05\/inner_single_service_02.jpg' data-width=\"6\" data-bt-override-class=\"{}\"><div class=\"bt_bb_column_content\"><div class=\"bt_bb_column_content_inner\"><\/div><\/div><\/div><div  class=\"bt_bb_column col-xxl-6 col-xl-6 bt_bb_vertical_align_middle bt_bb_align_left bt_bb_padding_20 bt_bb_animation_fade_in animate\"  data-width=\"6\" data-bt-override-class=\"{}\"><div class=\"bt_bb_column_content\"><div class=\"bt_bb_column_content_inner\"><div class=\"bt_bb_separator bt_bb_border_style_none bt_bb_border_color_none bt_bb_bottom_spacing_large\" data-bt-override-class=\"null\"><\/div><header class=\"bt_bb_headline bt_bb_dash_none bt_bb_subheadline bt_bb_size_normal bt_bb_align_inherit btNoHeadline\" data-bt-override-class=\"{}\"><div class=\"bt_bb_headline_subheadline\">Rekombinante DNA-Technologie &amp; chemische Synthese<\/div><\/header><div class=\"bt_bb_separator bt_bb_border_style_solid bt_bb_border_color_none bt_bb_top_spacing_normal bt_bb_bottom_spacing_normal\" data-bt-override-class=\"null\"><\/div><div  class=\"bt_bb_text\" ><div>Wir nutzen gentechnische Verfahren zur Verbesserung therapeutisch relevanter Eigenschaften in Organismen. Unsere Expertise umfasst:\n\n.Gentechnik (rekombinante DNA)\n\n.Gentherapie\n\n.Bioremediation\n\nMit optimierten Prozessen erzielen wir fortschrittliche Behandlungsl\u00f6sungen.<\/div>\n<div><\/div>\n<div>Our techniques of recombinant DNA technology, gene therapy, and genetic modifications are used for the purpose of bioremediation and for treating serious diseases. Owing to our tremendous advancements and broad range of application in the field of recombinant DNA technology we have further streamlined our processes in order to ensure most effective treatments for patient\u2019s use.<\/div>\n<\/div><div class=\"bt_bb_separator bt_bb_border_style_none bt_bb_bottom_spacing_normal\" data-bt-override-class=\"null\"><\/div><div data-bb-version=\"4.6.1\"  class=\"bt_bb_text\" ><p><strong>Biosicherheitstests<\/strong><\/p>\n<div>Unsere Fachleute pr\u00fcfen biologische Produkte umfassend auf Sicherheit und Reinheit. Pr\u00fcfverfahren umfassen unter anderem:\n\n.Sterilit\u00e4t (z.\u202fB. direkte Inokulation, Filtration)\n\n.Endotoxin- und Pyrogentests\n\n.Zytotoxizit\u00e4t (ISO\u202f10993\u20115)\n\n.Identifizierung von Bakterien (z.\u202fB. Vitek2, API-Gallerie)\n\n.Virustests (EP\u202f2.6.16, ICH Q5A)\n\n.Mycoplasma-Tests\n\n.Tests an Zellbanken und biologischen Endprodukten\n\nAu\u00dferdem unterst\u00fctzen wir die Herstellung biologischer Arzneimittel (Monoklonale Antik\u00f6rper, Impfstoffe, Zell- und Gentherapien) durch spezialisierte Reinstoff- und Sicherheitstests.\n\n\nFazit\nMit unserem globalen Ansatz und umfassenden Portfolio \u2013 von Acetylcholinesterase-Inhibitoren \u00fcber rekombinante DNA-Verfahren bis zu Biosicherheitstests \u2013 bietet ABBEY MEDICAL SUPPLIES LIMITED modernste L\u00f6sungen f\u00fcr Arzneimittelentwicklung und -sicherheit.<\/div>\n<div><\/div>\n<div>We also conduct Purified drug substances testing for \u201cPRP\u201d, Supporting manufacture of biologicals and Recombinant protein. Biosafety testing on Monoclonal antibodies, Viral vaccines, Cell therapies and Gene therapy tests are also carried out by our expert teams.<\/div>\n<\/div><div class=\"bt_bb_separator bt_bb_border_style_none bt_bb_border_color_none bt_bb_bottom_spacing_large\" data-bt-override-class=\"null\"><\/div><\/div><\/div><\/div><\/div><\/div><div class=\"bt_bb_row_wrapper bt_bb_row_push_left bt_bb_content_wide bt_bb_row_width_boxed_1200\"><div  class=\"bt_bb_row bt_bb_animation_fade_in bt_bb_animation_move_right animate\"  data-bt-override-class=\"{}\"><div data-bb-version=\"4.6.1\"  class=\"bt_bb_column col-xxl-12 col-xl-12 col-xs-12 col-sm-12 col-md-12 col-lg-12 bt_bb_vertical_align_middle bt_bb_align_center bt_bb_padding_20 bt_bb_animation_fade_in animate bt_bb_details-color_white\"  data-width=\"12\" data-bt-override-class=\"{&quot;bt_bb_align_&quot;:{&quot;current_class&quot;:&quot;bt_bb_align_center&quot;,&quot;xxl&quot;:&quot;center&quot;},&quot;bt_bb_padding_&quot;:{&quot;current_class&quot;:&quot;bt_bb_padding_20&quot;,&quot;xxl&quot;:&quot;20&quot;}}\"><div class=\"bt_bb_column_content\"><div class=\"bt_bb_column_content_inner\"><div class=\"bt_bb_separator bt_bb_border_style_none bt_bb_border_color_none bt_bb_bottom_spacing_large\" data-bt-override-class=\"null\"><\/div><div class=\"bt_bb_separator bt_bb_border_style_solid bt_bb_border_color_none bt_bb_top_spacing_normal bt_bb_bottom_spacing_normal\" data-bt-override-class=\"null\"><\/div><div class=\"bt_bb_separator bt_bb_border_style_none bt_bb_bottom_spacing_normal\" data-bt-override-class=\"null\"><\/div><\/div><\/div><\/div><\/div><\/div><\/div><!-- cell_inner --><\/div><!-- cell --><\/div><!-- port --><\/section><section data-bb-version=\"4.6.1\" id=\"bt_bb_section69fb46ea43eff\" class=\"bt_bb_section bt_bb_layout_boxed_1200\"  data-bt-override-class=\"null\"><div class=\"bt_bb_port\"><div class=\"bt_bb_cell\"><div class=\"bt_bb_cell_inner\"><div class=\"bt_bb_row_wrapper bt_bb_row_push_left bt_bb_content_wide bt_bb_row_width_boxed_1200\"><div  class=\"bt_bb_row bt_bb_animation_fade_in bt_bb_animation_move_right animate\"  data-bt-override-class=\"{}\"><div data-bb-version=\"4.6.1\"  class=\"bt_bb_column col-xxl-12 col-xl-12 col-xs-12 col-sm-12 col-md-12 col-lg-12 bt_bb_vertical_align_middle bt_bb_align_center bt_bb_padding_20 bt_bb_animation_fade_in animate bt_bb_details-color_white\"  data-width=\"12\" data-bt-override-class=\"{&quot;bt_bb_align_&quot;:{&quot;current_class&quot;:&quot;bt_bb_align_center&quot;,&quot;xxl&quot;:&quot;center&quot;},&quot;bt_bb_padding_&quot;:{&quot;current_class&quot;:&quot;bt_bb_padding_20&quot;,&quot;xxl&quot;:&quot;20&quot;}}\"><div class=\"bt_bb_column_content\"><div class=\"bt_bb_column_content_inner\"><div class=\"bt_bb_separator bt_bb_border_style_none bt_bb_border_color_none bt_bb_bottom_spacing_large\" data-bt-override-class=\"null\"><\/div><div class=\"bt_bb_separator bt_bb_border_style_solid bt_bb_border_color_none bt_bb_top_spacing_normal bt_bb_bottom_spacing_normal\" data-bt-override-class=\"null\"><\/div><div class=\"bt_bb_separator bt_bb_border_style_none bt_bb_bottom_spacing_normal\" data-bt-override-class=\"null\"><\/div><\/div><\/div><\/div><\/div><\/div><\/div><!-- cell_inner --><\/div><!-- cell --><\/div><!-- port --><\/section>","protected":false},"excerpt":{"rendered":"","protected":false},"author":1,"featured_media":0,"parent":0,"menu_order":0,"comment_status":"closed","ping_status":"closed","template":"","meta":{"footnotes":""},"class_list":["post-3546","page","type-page","status-publish","hentry"],"_links":{"self":[{"href":"https:\/\/abbeymedlimited.com\/de\/wp-json\/wp\/v2\/pages\/3546","targetHints":{"allow":["GET"]}}],"collection":[{"href":"https:\/\/abbeymedlimited.com\/de\/wp-json\/wp\/v2\/pages"}],"about":[{"href":"https:\/\/abbeymedlimited.com\/de\/wp-json\/wp\/v2\/types\/page"}],"author":[{"embeddable":true,"href":"https:\/\/abbeymedlimited.com\/de\/wp-json\/wp\/v2\/users\/1"}],"replies":[{"embeddable":true,"href":"https:\/\/abbeymedlimited.com\/de\/wp-json\/wp\/v2\/comments?post=3546"}],"version-history":[{"count":2,"href":"https:\/\/abbeymedlimited.com\/de\/wp-json\/wp\/v2\/pages\/3546\/revisions"}],"predecessor-version":[{"id":3597,"href":"https:\/\/abbeymedlimited.com\/de\/wp-json\/wp\/v2\/pages\/3546\/revisions\/3597"}],"wp:attachment":[{"href":"https:\/\/abbeymedlimited.com\/de\/wp-json\/wp\/v2\/media?parent=3546"}],"curies":[{"name":"wp","href":"https:\/\/api.w.org\/{rel}","templated":true}]}}