{"id":3642,"date":"2026-01-29T19:40:25","date_gmt":"2026-01-29T19:40:25","guid":{"rendered":"https:\/\/abbeymedlimited.com\/?page_id=3642"},"modified":"2026-01-29T19:53:52","modified_gmt":"2026-01-29T19:53:52","slug":"the-privacy-policy","status":"publish","type":"page","link":"https:\/\/abbeymedlimited.com\/de\/the-privacy-policy\/","title":{"rendered":"DATENSCHUTZERKL\u00c4RUNG"},"content":{"rendered":"<section data-bb-version=\"4.6.1\" id=\"bt_bb_section69fb473bab4f2\" class=\"bt_bb_section bt_bb_layout_boxed_1200 bt_bb_top_spacing_100 bt_bb_bottom_spacing_100\"  data-bt-override-class=\"{&quot;bt_bb_top_spacing_&quot;:{&quot;current_class&quot;:&quot;bt_bb_top_spacing_100&quot;,&quot;xxl&quot;:&quot;100&quot;},&quot;bt_bb_bottom_spacing_&quot;:{&quot;current_class&quot;:&quot;bt_bb_bottom_spacing_100&quot;,&quot;xxl&quot;:&quot;100&quot;}}\"><div class=\"bt_bb_port\"><div class=\"bt_bb_cell\"><div class=\"bt_bb_cell_inner\"><div class=\"bt_bb_row_wrapper\"><div  class=\"bt_bb_row\"  data-bt-override-class=\"{}\"><div data-bb-version=\"4.6.1\"  class=\"bt_bb_column col-xxl-12 col-xl-12 col-xs-12 col-sm-12 col-md-12 col-lg-12 bt_bb_vertical_align_top bt_bb_align_left bt_bb_padding_normal\"  data-width=\"12\" data-bt-override-class=\"{}\"><div class=\"bt_bb_column_content\"><div class=\"bt_bb_column_content_inner\"><header data-bb-version=\"4.6.1\" class=\"bt_bb_headline bt_bb_font_weight_medium bt_bb_text_transform_capitalize bt_bb_subheadline_text_transform_default bt_bb_dash_none bt_bb_size_inherit bt_bb_align_inherit\" data-bt-override-class=\"{&quot;bt_bb_size_&quot;:{&quot;current_class&quot;:&quot;bt_bb_size_inherit&quot;,&quot;xxl&quot;:&quot;inherit&quot;},&quot;bt_bb_align_&quot;:{&quot;current_class&quot;:&quot;bt_bb_align_inherit&quot;,&quot;xxl&quot;:&quot;inherit&quot;}}\"><h1 class=\"bt_bb_headline_tag\"><span class=\"bt_bb_headline_content\"><span>DATENSCHUTZERKL\u00c4RUNG<\/span><\/span><\/h1><\/header><div data-bb-version=\"4.6.1\" class=\"bt_bb_separator bt_bb_border_style_none bt_bb_border_color_none bt_bb_top_spacing_50 bt_bb_bottom_spacing_none\" data-bt-override-class=\"{&quot;bt_bb_top_spacing_&quot;:{&quot;current_class&quot;:&quot;bt_bb_top_spacing_50&quot;,&quot;xxl&quot;:&quot;50&quot;},&quot;bt_bb_bottom_spacing_&quot;:{&quot;current_class&quot;:&quot;bt_bb_bottom_spacing_none&quot;,&quot;xxl&quot;:&quot;none&quot;}}\"><\/div><div data-bb-version=\"4.6.1\"  class=\"bt_bb_text\" ><div><strong>Abbey Medical Supplies Limited<\/strong><\/div>\n<div>Letzte Aktualisierung: 2. Januar 2026<\/div>\n<div>\u00a0<\/div>\n<div>\u00a0<\/div>\n<div><strong>1. Einleitung<\/strong><\/div>\n<div>\u00a0<\/div>\n<div>Abbey Medical Supplies Limited verpflichtet sich zum Schutz Ihrer personenbezogenen Daten und zur Einhaltung der Datenschutzbestimmungen der UK General Data Protection Regulation sowie des Data Protection Act 2018.<\/div>\n<div>\u00a0<\/div>\n<div>Diese Datenschutzerkl\u00e4rung erl\u00e4utert, wie wir personenbezogene Daten erheben, verwenden und sch\u00fctzen, wenn Sie unsere Website nutzen.<\/div>\n<div>\u00a0<\/div>\n<div><strong>2. Verantwortlicher<\/strong><\/div>\n<div>\u00a0<\/div>\n<div>Abbey Medical Supplies Limited ist Verantwortlicher f\u00fcr die Verarbeitung personenbezogener Daten, die \u00fcber diese Website erhoben werden.<\/div>\n<div>\u00a0<\/div>\n<div>Kontaktdaten:<\/div>\n<div>info@abbeymedlimited.com<\/div>\n<div>\u00a0<\/div>\n<div><strong>3. Erhobene personenbezogene Daten<\/strong><\/div>\n<div>\u00a0<\/div>\n<div>a) Von Ihnen bereitgestellte Daten<\/div>\n<div>\u00a0<\/div>\n<div>. Name<\/div>\n<div>. E-Mail-Adresse<\/div>\n<div>. Berufsbezeichnung<\/div>\n<div>. Firmenname<\/div>\n<div>. Telefonnummer<\/div>\n<div>. Informationen, die \u00fcber Kontaktformulare oder Anfragen \u00fcbermittelt werden<\/div>\n<div>\u00a0<\/div>\n<div>b) Automatisch erhobene Daten<\/div>\n<div>\u00a0<\/div>\n<div>. IP-Adresse<\/div>\n<div>. Browsertyp und Browserversion<\/div>\n<div>. Besuchte Seiten<\/div>\n<div>. Datum und Uhrzeit des Zugriffs<\/div>\n<div>\u00a0<\/div>\n<div><strong>4. Zweck der Datenverarbeitung<\/strong><\/div>\n<div>\u00a0<\/div>\n<div>Wir verarbeiten personenbezogene Daten, um:<\/div>\n<div>\u00a0<\/div>\n<div>. Anfragen zu beantworten<\/div>\n<div>. Unsere Dienstleistungen bereitzustellen<\/div>\n<div>. die Leistung und Funktionalit\u00e4t der Website zu verbessern<\/div>\n<div>. die professionelle Kommunikation zu verwalten<\/div>\n<div>. gesetzliche und regulatorische Verpflichtungen zu erf\u00fcllen<\/div>\n<div>\u00a0<\/div>\n<div><strong>5. Rechtsgrundlagen der Verarbeitung<\/strong><\/div>\n<div>\u00a0<\/div>\n<div>Die Verarbeitung erfolgt auf Grundlage einer oder mehrerer der folgenden Rechtsgrundlagen:<\/div>\n<div>\u00a0<\/div>\n<div>. Einwilligung, sofern diese erteilt wurde<\/div>\n<div>. Vertrag oder vorvertragliche Ma\u00dfnahmen<\/div>\n<div>. Berechtigte Interessen im Rahmen unserer Gesch\u00e4ftst\u00e4tigkeit und Kommunikation<\/div>\n<div>. Rechtliche Verpflichtung<\/div>\n<div>\u00a0<\/div>\n<div><strong>6. Weitergabe von Daten<\/strong><\/div>\n<div>\u00a0<\/div>\n<div>Personenbezogene Daten k\u00f6nnen weitergegeben werden an:<\/div>\n<div>\u00a0<\/div>\n<div>. IT- und Website-Dienstleister<\/div>\n<div>. Berufliche Berater<\/div>\n<div>. Aufsichtsbeh\u00f6rden oder andere staatliche Stellen, sofern gesetzlich erforderlich<\/div>\n<div>\u00a0<\/div>\n<div>Wir verkaufen keine personenbezogenen Daten.<\/div>\n<div>\u00a0<\/div>\n<div><strong>7. Internationale Daten\u00fcbermittlungen<\/strong><\/div>\n<div>\u00a0<\/div>\n<div>Sofern personenbezogene Daten au\u00dferhalb des Vereinigten K\u00f6nigreichs verarbeitet werden, stellen wir sicher, dass geeignete Schutzma\u00dfnahmen bestehen, einschlie\u00dflich:<\/div>\n<div>\u00a0<\/div>\n<div>. Angemessenheitsbeschl\u00fcsse des Vereinigten K\u00f6nigreichs<\/div>\n<div>. Internationale Daten\u00fcbertragungsvereinbarungen<\/div>\n<div>\u00a0<\/div>\n<div><strong>8. Speicherdauer<\/strong><\/div>\n<div>\u00a0<\/div>\n<div>Wir speichern personenbezogene Daten nur so lange, wie dies zur Erf\u00fcllung des jeweiligen Zwecks oder zur Einhaltung gesetzlicher Aufbewahrungspflichten erforderlich ist.<\/div>\n<div>\u00a0<\/div>\n<div><strong>9. Ihre Datenschutzrechte<\/strong><\/div>\n<div>\u00a0<\/div>\n<div>Nach Ma\u00dfgabe der UK GDPR haben Sie das Recht:<\/div>\n<div>\u00a0<\/div>\n<div>. Auskunft \u00fcber Ihre personenbezogenen Daten zu erhalten<\/div>\n<div>. die Berichtigung unrichtiger Daten zu verlangen<\/div>\n<div>. die L\u00f6schung Ihrer personenbezogenen Daten zu verlangen<\/div>\n<div>. die Einschr\u00e4nkung der Verarbeitung zu verlangen oder ihr zu widersprechen<\/div>\n<div>. eine erteilte Einwilligung jederzeit zu widerrufen<\/div>\n<div>. eine Beschwerde bei der Aufsichtsbeh\u00f6rde Information Commissioner\u2019s Office einzureichen<\/div>\n<div>\u00a0<\/div>\n<div>Website der Aufsichtsbeh\u00f6rde: ico.org.uk<\/div>\n<div>\u00a0<\/div>\n<div><strong>10. Cookies<\/strong><\/div>\n<div>\u00a0<\/div>\n<div>Diese Website verwendet Cookies zur Verbesserung der Funktionalit\u00e4t und zur Analyse der Nutzung.<\/div>\n<div>Sie k\u00f6nnen Cookies \u00fcber die Einstellungen Ihres Browsers verwalten.<\/div>\n<div>\u00a0<\/div>\n<div><strong>11. Datensicherheit<\/strong><\/div>\n<div>\u00a0<\/div>\n<div>Wir setzen geeignete technische und organisatorische Ma\u00dfnahmen ein, um personenbezogene Daten zu sch\u00fctzen. Ein vollst\u00e4ndiger Schutz kann jedoch nicht garantiert werden.<\/div>\n<div>\u00a0<\/div>\n<div><strong>12. Links zu Websites Dritter<\/strong><\/div>\n<div>\u00a0<\/div>\n<div>Diese Datenschutzerkl\u00e4rung gilt nicht f\u00fcr Websites Dritter, auf die von unserer Website aus verlinkt wird.<\/div>\n<div>\u00a0<\/div>\n<div><strong>13. \u00c4nderungen dieser Datenschutzerkl\u00e4rung<\/strong><\/div>\n<div>\u00a0<\/div>\n<div>Wir behalten uns vor, diese Datenschutzerkl\u00e4rung gelegentlich zu aktualisieren. \u00c4nderungen werden auf dieser Seite ver\u00f6ffentlicht.<\/div>\n<div>\u00a0<\/div>\n<div><strong>14. Kontakt<\/strong><\/div>\n<div>\u00a0<\/div>\n<div>Bei Fragen oder Anliegen zum Datenschutz wenden Sie sich bitte an:<\/div>\n<div>info@abbeymedlimited.com<\/div>\n<\/div><\/div><\/div><\/div><\/div><\/div><\/div><!-- cell_inner --><\/div><!-- cell --><\/div><!-- port --><\/section>","protected":false},"excerpt":{"rendered":"","protected":false},"author":1,"featured_media":0,"parent":0,"menu_order":0,"comment_status":"closed","ping_status":"closed","template":"","meta":{"footnotes":""},"class_list":["post-3642","page","type-page","status-publish","hentry"],"_links":{"self":[{"href":"https:\/\/abbeymedlimited.com\/de\/wp-json\/wp\/v2\/pages\/3642","targetHints":{"allow":["GET"]}}],"collection":[{"href":"https:\/\/abbeymedlimited.com\/de\/wp-json\/wp\/v2\/pages"}],"about":[{"href":"https:\/\/abbeymedlimited.com\/de\/wp-json\/wp\/v2\/types\/page"}],"author":[{"embeddable":true,"href":"https:\/\/abbeymedlimited.com\/de\/wp-json\/wp\/v2\/users\/1"}],"replies":[{"embeddable":true,"href":"https:\/\/abbeymedlimited.com\/de\/wp-json\/wp\/v2\/comments?post=3642"}],"version-history":[{"count":3,"href":"https:\/\/abbeymedlimited.com\/de\/wp-json\/wp\/v2\/pages\/3642\/revisions"}],"predecessor-version":[{"id":3645,"href":"https:\/\/abbeymedlimited.com\/de\/wp-json\/wp\/v2\/pages\/3642\/revisions\/3645"}],"wp:attachment":[{"href":"https:\/\/abbeymedlimited.com\/de\/wp-json\/wp\/v2\/media?parent=3642"}],"curies":[{"name":"wp","href":"https:\/\/api.w.org\/{rel}","templated":true}]}}